{"id":1063,"date":"2025-02-01T16:49:33","date_gmt":"2025-02-01T15:49:33","guid":{"rendered":"https:\/\/nayaelbijouxcreations.com\/?post_type=product&#038;p=1063"},"modified":"2025-02-01T17:34:52","modified_gmt":"2025-02-01T16:34:52","slug":"bracelet-soie-et-charms-marron","status":"publish","type":"product","link":"https:\/\/nayaelbijouxcreations.com\/index.php\/produit\/bracelet-soie-et-charms-marron\/","title":{"rendered":"Bracelet soie et charms marron"},"content":{"rendered":"<p>Ce bracelet est compos\u00e9 d&rsquo;un ruban de soie marron et orn\u00e9 de charms mont\u00e9s sur de l&rsquo;argent 925.<br \/>\nLes charms se compose :<br \/>\n&#8211; D&rsquo;un cristal de Swarovski ovale et facett\u00e9 de couleur beige.<br \/>\n&#8211; D&rsquo;ne perle d&rsquo;Agate facett\u00e9e( 8mm)\u00a0 de couleur marron<br \/>\n&#8211; D&rsquo;une perle d&rsquo;eau douce blanche nacr\u00e9e<br \/>\nDeux perles en argent 925 de part et d&rsquo;autre du ruban.<br \/>\nLe ruban est \u00e0 enrouler autour du poignet mais peut \u00e9galement se porter autour du cou, selon votre humeur&#8230;<br \/>\nCe bijou original peut se porter en journ\u00e9e ou en soir\u00e9e.<br \/>\nBien entendu, afin de prendre soin de votre bijou, il est vivement conseill\u00e9 de ne pas mettre de parfum, ni d\u2019eau douce ou de mer, et de le conserver dans le petit pochon dans lequel il vous sera livr\u00e9.<\/p>\n","protected":false},"excerpt":{"rendered":"<p>Bracelet ruban de soie marron et charms<\/p>\n","protected":false},"featured_media":941,"comment_status":"open","ping_status":"closed","template":"","meta":{"_et_pb_use_builder":"","_et_pb_old_content":"","_et_gb_content_width":"","_monsterinsights_skip_tracking":false,"_monsterinsights_sitenote_active":false,"_monsterinsights_sitenote_note":"","_monsterinsights_sitenote_category":0},"product_brand":[],"product_cat":[36],"product_tag":[77,42,24,44,127,198,41,243,52,274,260],"class_list":{"0":"post-1063","1":"product","2":"type-product","3":"status-publish","4":"has-post-thumbnail","6":"product_cat-bracelet","7":"product_tag-agate","8":"product_tag-argent-925","9":"product_tag-bracelet","10":"product_tag-creation-artisanale","11":"product_tag-cristal-de-swarovski","12":"product_tag-marron","13":"product_tag-perle-deau-douce","14":"product_tag-pierre-gemme","15":"product_tag-raffine-et-chic","16":"product_tag-ruban-de-soie","17":"product_tag-tonalites-marron","19":"first","20":"instock","21":"shipping-taxable","22":"purchasable","23":"product-type-simple"},"yoast_head":"<!-- This site is optimized with the Yoast SEO plugin v27.4 - https:\/\/yoast.com\/product\/yoast-seo-wordpress\/ -->\n<title>Bracelet soie et charms marron - Nayael Bijoux &amp; Cr\u00e9ations<\/title>\n<meta name=\"robots\" content=\"index, follow, max-snippet:-1, max-image-preview:large, max-video-preview:-1\" \/>\n<link rel=\"canonical\" href=\"https:\/\/nayaelbijouxcreations.com\/index.php\/produit\/bracelet-soie-et-charms-marron\/\" \/>\n<meta property=\"og:locale\" content=\"fr_FR\" \/>\n<meta property=\"og:type\" content=\"article\" \/>\n<meta property=\"og:title\" content=\"Bracelet soie et charms marron - Nayael Bijoux &amp; Cr\u00e9ations\" \/>\n<meta property=\"og:description\" content=\"Bracelet ruban de soie marron et charms\" \/>\n<meta property=\"og:url\" content=\"https:\/\/nayaelbijouxcreations.com\/index.php\/produit\/bracelet-soie-et-charms-marron\/\" \/>\n<meta property=\"og:site_name\" content=\"Nayael Bijoux &amp; Cr\u00e9ations\" \/>\n<meta property=\"article:modified_time\" content=\"2025-02-01T16:34:52+00:00\" \/>\n<meta property=\"og:image\" content=\"https:\/\/nayaelbijouxcreations.com\/wp-content\/uploads\/2023\/06\/bracelet-soie-marron-nayael.jpg\" \/>\n\t<meta property=\"og:image:width\" content=\"1080\" \/>\n\t<meta property=\"og:image:height\" content=\"1080\" \/>\n\t<meta property=\"og:image:type\" content=\"image\/jpeg\" \/>\n<meta name=\"twitter:card\" content=\"summary_large_image\" \/>\n<meta name=\"twitter:label1\" content=\"Dur\u00e9e de lecture estim\u00e9e\" \/>\n\t<meta name=\"twitter:data1\" content=\"1 minute\" \/>\n<script type=\"application\/ld+json\" class=\"yoast-schema-graph\">{\"@context\":\"https:\\\/\\\/schema.org\",\"@graph\":[{\"@type\":\"WebPage\",\"@id\":\"https:\\\/\\\/nayaelbijouxcreations.com\\\/index.php\\\/produit\\\/bracelet-soie-et-charms-marron\\\/\",\"url\":\"https:\\\/\\\/nayaelbijouxcreations.com\\\/index.php\\\/produit\\\/bracelet-soie-et-charms-marron\\\/\",\"name\":\"Bracelet soie et charms marron - Nayael Bijoux &amp; Cr\u00e9ations\",\"isPartOf\":{\"@id\":\"https:\\\/\\\/nayaelbijouxcreations.com\\\/#website\"},\"primaryImageOfPage\":{\"@id\":\"https:\\\/\\\/nayaelbijouxcreations.com\\\/index.php\\\/produit\\\/bracelet-soie-et-charms-marron\\\/#primaryimage\"},\"image\":{\"@id\":\"https:\\\/\\\/nayaelbijouxcreations.com\\\/index.php\\\/produit\\\/bracelet-soie-et-charms-marron\\\/#primaryimage\"},\"thumbnailUrl\":\"https:\\\/\\\/nayaelbijouxcreations.com\\\/wp-content\\\/uploads\\\/2023\\\/06\\\/bracelet-soie-marron-nayael.jpg\",\"datePublished\":\"2025-02-01T15:49:33+00:00\",\"dateModified\":\"2025-02-01T16:34:52+00:00\",\"breadcrumb\":{\"@id\":\"https:\\\/\\\/nayaelbijouxcreations.com\\\/index.php\\\/produit\\\/bracelet-soie-et-charms-marron\\\/#breadcrumb\"},\"inLanguage\":\"fr-FR\",\"potentialAction\":[{\"@type\":\"ReadAction\",\"target\":[\"https:\\\/\\\/nayaelbijouxcreations.com\\\/index.php\\\/produit\\\/bracelet-soie-et-charms-marron\\\/\"]}]},{\"@type\":\"ImageObject\",\"inLanguage\":\"fr-FR\",\"@id\":\"https:\\\/\\\/nayaelbijouxcreations.com\\\/index.php\\\/produit\\\/bracelet-soie-et-charms-marron\\\/#primaryimage\",\"url\":\"https:\\\/\\\/nayaelbijouxcreations.com\\\/wp-content\\\/uploads\\\/2023\\\/06\\\/bracelet-soie-marron-nayael.jpg\",\"contentUrl\":\"https:\\\/\\\/nayaelbijouxcreations.com\\\/wp-content\\\/uploads\\\/2023\\\/06\\\/bracelet-soie-marron-nayael.jpg\",\"width\":1080,\"height\":1080},{\"@type\":\"BreadcrumbList\",\"@id\":\"https:\\\/\\\/nayaelbijouxcreations.com\\\/index.php\\\/produit\\\/bracelet-soie-et-charms-marron\\\/#breadcrumb\",\"itemListElement\":[{\"@type\":\"ListItem\",\"position\":1,\"name\":\"Accueil\",\"item\":\"https:\\\/\\\/nayaelbijouxcreations.com\\\/\"},{\"@type\":\"ListItem\",\"position\":2,\"name\":\"Boutique\",\"item\":\"https:\\\/\\\/nayaelbijouxcreations.com\\\/index.php\\\/boutique\\\/\"},{\"@type\":\"ListItem\",\"position\":3,\"name\":\"Bracelet soie et charms marron\"}]},{\"@type\":\"WebSite\",\"@id\":\"https:\\\/\\\/nayaelbijouxcreations.com\\\/#website\",\"url\":\"https:\\\/\\\/nayaelbijouxcreations.com\\\/\",\"name\":\"Nayael Bijoux &amp; Cr\u00e9ations\",\"description\":\"Nayael Bijoux &amp; Cr\u00e9ations\",\"potentialAction\":[{\"@type\":\"SearchAction\",\"target\":{\"@type\":\"EntryPoint\",\"urlTemplate\":\"https:\\\/\\\/nayaelbijouxcreations.com\\\/?s={search_term_string}\"},\"query-input\":{\"@type\":\"PropertyValueSpecification\",\"valueRequired\":true,\"valueName\":\"search_term_string\"}}],\"inLanguage\":\"fr-FR\"}]}<\/script>\n<!-- \/ Yoast SEO plugin. -->","yoast_head_json":{"title":"Bracelet soie et charms marron - Nayael Bijoux &amp; Cr\u00e9ations","robots":{"index":"index","follow":"follow","max-snippet":"max-snippet:-1","max-image-preview":"max-image-preview:large","max-video-preview":"max-video-preview:-1"},"canonical":"https:\/\/nayaelbijouxcreations.com\/index.php\/produit\/bracelet-soie-et-charms-marron\/","og_locale":"fr_FR","og_type":"article","og_title":"Bracelet soie et charms marron - Nayael Bijoux &amp; Cr\u00e9ations","og_description":"Bracelet ruban de soie marron et charms","og_url":"https:\/\/nayaelbijouxcreations.com\/index.php\/produit\/bracelet-soie-et-charms-marron\/","og_site_name":"Nayael Bijoux &amp; Cr\u00e9ations","article_modified_time":"2025-02-01T16:34:52+00:00","og_image":[{"width":1080,"height":1080,"url":"https:\/\/nayaelbijouxcreations.com\/wp-content\/uploads\/2023\/06\/bracelet-soie-marron-nayael.jpg","type":"image\/jpeg"}],"twitter_card":"summary_large_image","twitter_misc":{"Dur\u00e9e de lecture estim\u00e9e":"1 minute"},"schema":{"@context":"https:\/\/schema.org","@graph":[{"@type":"WebPage","@id":"https:\/\/nayaelbijouxcreations.com\/index.php\/produit\/bracelet-soie-et-charms-marron\/","url":"https:\/\/nayaelbijouxcreations.com\/index.php\/produit\/bracelet-soie-et-charms-marron\/","name":"Bracelet soie et charms marron - Nayael Bijoux &amp; Cr\u00e9ations","isPartOf":{"@id":"https:\/\/nayaelbijouxcreations.com\/#website"},"primaryImageOfPage":{"@id":"https:\/\/nayaelbijouxcreations.com\/index.php\/produit\/bracelet-soie-et-charms-marron\/#primaryimage"},"image":{"@id":"https:\/\/nayaelbijouxcreations.com\/index.php\/produit\/bracelet-soie-et-charms-marron\/#primaryimage"},"thumbnailUrl":"https:\/\/nayaelbijouxcreations.com\/wp-content\/uploads\/2023\/06\/bracelet-soie-marron-nayael.jpg","datePublished":"2025-02-01T15:49:33+00:00","dateModified":"2025-02-01T16:34:52+00:00","breadcrumb":{"@id":"https:\/\/nayaelbijouxcreations.com\/index.php\/produit\/bracelet-soie-et-charms-marron\/#breadcrumb"},"inLanguage":"fr-FR","potentialAction":[{"@type":"ReadAction","target":["https:\/\/nayaelbijouxcreations.com\/index.php\/produit\/bracelet-soie-et-charms-marron\/"]}]},{"@type":"ImageObject","inLanguage":"fr-FR","@id":"https:\/\/nayaelbijouxcreations.com\/index.php\/produit\/bracelet-soie-et-charms-marron\/#primaryimage","url":"https:\/\/nayaelbijouxcreations.com\/wp-content\/uploads\/2023\/06\/bracelet-soie-marron-nayael.jpg","contentUrl":"https:\/\/nayaelbijouxcreations.com\/wp-content\/uploads\/2023\/06\/bracelet-soie-marron-nayael.jpg","width":1080,"height":1080},{"@type":"BreadcrumbList","@id":"https:\/\/nayaelbijouxcreations.com\/index.php\/produit\/bracelet-soie-et-charms-marron\/#breadcrumb","itemListElement":[{"@type":"ListItem","position":1,"name":"Accueil","item":"https:\/\/nayaelbijouxcreations.com\/"},{"@type":"ListItem","position":2,"name":"Boutique","item":"https:\/\/nayaelbijouxcreations.com\/index.php\/boutique\/"},{"@type":"ListItem","position":3,"name":"Bracelet soie et charms marron"}]},{"@type":"WebSite","@id":"https:\/\/nayaelbijouxcreations.com\/#website","url":"https:\/\/nayaelbijouxcreations.com\/","name":"Nayael Bijoux &amp; Cr\u00e9ations","description":"Nayael Bijoux &amp; Cr\u00e9ations","potentialAction":[{"@type":"SearchAction","target":{"@type":"EntryPoint","urlTemplate":"https:\/\/nayaelbijouxcreations.com\/?s={search_term_string}"},"query-input":{"@type":"PropertyValueSpecification","valueRequired":true,"valueName":"search_term_string"}}],"inLanguage":"fr-FR"}]}},"_links":{"self":[{"href":"https:\/\/nayaelbijouxcreations.com\/index.php\/wp-json\/wp\/v2\/product\/1063","targetHints":{"allow":["GET"]}}],"collection":[{"href":"https:\/\/nayaelbijouxcreations.com\/index.php\/wp-json\/wp\/v2\/product"}],"about":[{"href":"https:\/\/nayaelbijouxcreations.com\/index.php\/wp-json\/wp\/v2\/types\/product"}],"replies":[{"embeddable":true,"href":"https:\/\/nayaelbijouxcreations.com\/index.php\/wp-json\/wp\/v2\/comments?post=1063"}],"wp:featuredmedia":[{"embeddable":true,"href":"https:\/\/nayaelbijouxcreations.com\/index.php\/wp-json\/wp\/v2\/media\/941"}],"wp:attachment":[{"href":"https:\/\/nayaelbijouxcreations.com\/index.php\/wp-json\/wp\/v2\/media?parent=1063"}],"wp:term":[{"taxonomy":"product_brand","embeddable":true,"href":"https:\/\/nayaelbijouxcreations.com\/index.php\/wp-json\/wp\/v2\/product_brand?post=1063"},{"taxonomy":"product_cat","embeddable":true,"href":"https:\/\/nayaelbijouxcreations.com\/index.php\/wp-json\/wp\/v2\/product_cat?post=1063"},{"taxonomy":"product_tag","embeddable":true,"href":"https:\/\/nayaelbijouxcreations.com\/index.php\/wp-json\/wp\/v2\/product_tag?post=1063"}],"curies":[{"name":"wp","href":"https:\/\/api.w.org\/{rel}","templated":true}]}}