{"id":353,"date":"2022-09-08T22:24:27","date_gmt":"2022-09-08T20:24:27","guid":{"rendered":"https:\/\/nayaelbijouxcreations.com\/?post_type=product&#038;p=353"},"modified":"2022-10-11T19:07:04","modified_gmt":"2022-10-11T17:07:04","slug":"bracelet-luna","status":"publish","type":"product","link":"https:\/\/nayaelbijouxcreations.com\/index.php\/produit\/bracelet-luna\/","title":{"rendered":"Bracelet \u00ab\u00a0Luna\u00a0\u00bb"},"content":{"rendered":"<p>Le bracelet aux jolies couleurs de la mer, compos\u00e9 d&rsquo;une perle d&rsquo;eau douce et de pierres gemmes, pyrite, agate, howlite et jaspe.<br \/>\nPerles et m\u00e9dailles en argent 925 sur cordon kaki en polyester et r\u00e9glable.<br \/>\nCe bracelet est intemporel, \u00e0 porter en toute circonstance, seul ou associ\u00e9 comme sugg\u00e9r\u00e9 sur l&rsquo;une des photos.<\/p>\n","protected":false},"excerpt":{"rendered":"<p>Bracelet \u00ab\u00a0Luna\u00a0\u00bb perle d&rsquo;eau douce et pierres semi-pr\u00e9cieuses sur cordon kaki<\/p>\n","protected":false},"featured_media":680,"comment_status":"open","ping_status":"closed","template":"","meta":{"_et_pb_use_builder":"","_et_pb_old_content":"","_et_gb_content_width":"","_monsterinsights_skip_tracking":false,"_monsterinsights_sitenote_active":false,"_monsterinsights_sitenote_note":"","_monsterinsights_sitenote_category":0},"product_brand":[],"product_cat":[36],"product_tag":[77,42,87,54,68,60,41,61,31],"class_list":{"0":"post-353","1":"product","2":"type-product","3":"status-publish","4":"has-post-thumbnail","6":"product_cat-bracelet","7":"product_tag-agate","8":"product_tag-argent-925","9":"product_tag-bracelet-luna","10":"product_tag-cordon-kaki","11":"product_tag-howlite","12":"product_tag-jaspe","13":"product_tag-perle-deau-douce","14":"product_tag-pyrite","15":"product_tag-reglable","16":"product_shipping_class-bracelets","18":"first","19":"instock","20":"sold-individually","21":"shipping-taxable","22":"purchasable","23":"product-type-simple"},"yoast_head":"<!-- This site is optimized with the Yoast SEO plugin v27.5 - https:\/\/yoast.com\/product\/yoast-seo-wordpress\/ -->\n<title>Bracelet &quot;Luna&quot; | Nayael Bijoux &amp; Cr\u00e9ations<\/title>\n<meta name=\"description\" content=\"Nayael Bijoux Cr\u00e9ations vous sugg\u00e8re ce joli bracelet aux couleurs de la mer, perle d&#039;eau douce et pierre semi-pr\u00e9cieuses monter sur cordon kaki r\u00e9glable\" \/>\n<meta name=\"robots\" content=\"index, follow, max-snippet:-1, max-image-preview:large, max-video-preview:-1\" \/>\n<link rel=\"canonical\" href=\"https:\/\/nayaelbijouxcreations.com\/index.php\/produit\/bracelet-luna\/\" \/>\n<meta property=\"og:locale\" content=\"fr_FR\" \/>\n<meta property=\"og:type\" content=\"article\" \/>\n<meta property=\"og:title\" content=\"Bracelet &quot;Luna&quot; | Nayael Bijoux &amp; Cr\u00e9ations\" \/>\n<meta property=\"og:description\" content=\"Nayael Bijoux Cr\u00e9ations vous sugg\u00e8re ce joli bracelet aux couleurs de la mer, perle d&#039;eau douce et pierre semi-pr\u00e9cieuses monter sur cordon kaki r\u00e9glable\" \/>\n<meta property=\"og:url\" content=\"https:\/\/nayaelbijouxcreations.com\/index.php\/produit\/bracelet-luna\/\" \/>\n<meta property=\"og:site_name\" content=\"Nayael Bijoux &amp; Cr\u00e9ations\" \/>\n<meta property=\"article:modified_time\" content=\"2022-10-11T17:07:04+00:00\" \/>\n<meta property=\"og:image\" content=\"https:\/\/nayaelbijouxcreations.com\/wp-content\/uploads\/2022\/09\/brac-luna-fil-tab-gros-plan.png\" \/>\n\t<meta property=\"og:image:width\" content=\"950\" \/>\n\t<meta property=\"og:image:height\" content=\"950\" \/>\n\t<meta property=\"og:image:type\" content=\"image\/png\" \/>\n<meta name=\"twitter:card\" content=\"summary_large_image\" \/>\n<meta name=\"twitter:label1\" content=\"Dur\u00e9e de lecture estim\u00e9e\" \/>\n\t<meta name=\"twitter:data1\" content=\"1 minute\" \/>\n<script type=\"application\/ld+json\" class=\"yoast-schema-graph\">{\"@context\":\"https:\\\/\\\/schema.org\",\"@graph\":[{\"@type\":\"WebPage\",\"@id\":\"https:\\\/\\\/nayaelbijouxcreations.com\\\/index.php\\\/produit\\\/bracelet-luna\\\/\",\"url\":\"https:\\\/\\\/nayaelbijouxcreations.com\\\/index.php\\\/produit\\\/bracelet-luna\\\/\",\"name\":\"Bracelet \\\"Luna\\\" | Nayael Bijoux &amp; Cr\u00e9ations\",\"isPartOf\":{\"@id\":\"https:\\\/\\\/nayaelbijouxcreations.com\\\/#website\"},\"primaryImageOfPage\":{\"@id\":\"https:\\\/\\\/nayaelbijouxcreations.com\\\/index.php\\\/produit\\\/bracelet-luna\\\/#primaryimage\"},\"image\":{\"@id\":\"https:\\\/\\\/nayaelbijouxcreations.com\\\/index.php\\\/produit\\\/bracelet-luna\\\/#primaryimage\"},\"thumbnailUrl\":\"https:\\\/\\\/nayaelbijouxcreations.com\\\/wp-content\\\/uploads\\\/2022\\\/09\\\/brac-luna-fil-tab-gros-plan.png\",\"datePublished\":\"2022-09-08T20:24:27+00:00\",\"dateModified\":\"2022-10-11T17:07:04+00:00\",\"description\":\"Nayael Bijoux Cr\u00e9ations vous sugg\u00e8re ce joli bracelet aux couleurs de la mer, perle d'eau douce et pierre semi-pr\u00e9cieuses monter sur cordon kaki r\u00e9glable\",\"breadcrumb\":{\"@id\":\"https:\\\/\\\/nayaelbijouxcreations.com\\\/index.php\\\/produit\\\/bracelet-luna\\\/#breadcrumb\"},\"inLanguage\":\"fr-FR\",\"potentialAction\":[{\"@type\":\"ReadAction\",\"target\":[\"https:\\\/\\\/nayaelbijouxcreations.com\\\/index.php\\\/produit\\\/bracelet-luna\\\/\"]}]},{\"@type\":\"ImageObject\",\"inLanguage\":\"fr-FR\",\"@id\":\"https:\\\/\\\/nayaelbijouxcreations.com\\\/index.php\\\/produit\\\/bracelet-luna\\\/#primaryimage\",\"url\":\"https:\\\/\\\/nayaelbijouxcreations.com\\\/wp-content\\\/uploads\\\/2022\\\/09\\\/brac-luna-fil-tab-gros-plan.png\",\"contentUrl\":\"https:\\\/\\\/nayaelbijouxcreations.com\\\/wp-content\\\/uploads\\\/2022\\\/09\\\/brac-luna-fil-tab-gros-plan.png\",\"width\":950,\"height\":950},{\"@type\":\"BreadcrumbList\",\"@id\":\"https:\\\/\\\/nayaelbijouxcreations.com\\\/index.php\\\/produit\\\/bracelet-luna\\\/#breadcrumb\",\"itemListElement\":[{\"@type\":\"ListItem\",\"position\":1,\"name\":\"Accueil\",\"item\":\"https:\\\/\\\/nayaelbijouxcreations.com\\\/\"},{\"@type\":\"ListItem\",\"position\":2,\"name\":\"Boutique\",\"item\":\"https:\\\/\\\/nayaelbijouxcreations.com\\\/index.php\\\/boutique\\\/\"},{\"@type\":\"ListItem\",\"position\":3,\"name\":\"Bracelet &#8220;Luna&#8221;\"}]},{\"@type\":\"WebSite\",\"@id\":\"https:\\\/\\\/nayaelbijouxcreations.com\\\/#website\",\"url\":\"https:\\\/\\\/nayaelbijouxcreations.com\\\/\",\"name\":\"Nayael Bijoux &amp; Cr\u00e9ations\",\"description\":\"Nayael Bijoux &amp; Cr\u00e9ations\",\"potentialAction\":[{\"@type\":\"SearchAction\",\"target\":{\"@type\":\"EntryPoint\",\"urlTemplate\":\"https:\\\/\\\/nayaelbijouxcreations.com\\\/?s={search_term_string}\"},\"query-input\":{\"@type\":\"PropertyValueSpecification\",\"valueRequired\":true,\"valueName\":\"search_term_string\"}}],\"inLanguage\":\"fr-FR\"}]}<\/script>\n<!-- \/ Yoast SEO plugin. -->","yoast_head_json":{"title":"Bracelet \"Luna\" | Nayael Bijoux &amp; Cr\u00e9ations","description":"Nayael Bijoux Cr\u00e9ations vous sugg\u00e8re ce joli bracelet aux couleurs de la mer, perle d'eau douce et pierre semi-pr\u00e9cieuses monter sur cordon kaki r\u00e9glable","robots":{"index":"index","follow":"follow","max-snippet":"max-snippet:-1","max-image-preview":"max-image-preview:large","max-video-preview":"max-video-preview:-1"},"canonical":"https:\/\/nayaelbijouxcreations.com\/index.php\/produit\/bracelet-luna\/","og_locale":"fr_FR","og_type":"article","og_title":"Bracelet \"Luna\" | Nayael Bijoux &amp; Cr\u00e9ations","og_description":"Nayael Bijoux Cr\u00e9ations vous sugg\u00e8re ce joli bracelet aux couleurs de la mer, perle d'eau douce et pierre semi-pr\u00e9cieuses monter sur cordon kaki r\u00e9glable","og_url":"https:\/\/nayaelbijouxcreations.com\/index.php\/produit\/bracelet-luna\/","og_site_name":"Nayael Bijoux &amp; Cr\u00e9ations","article_modified_time":"2022-10-11T17:07:04+00:00","og_image":[{"width":950,"height":950,"url":"https:\/\/nayaelbijouxcreations.com\/wp-content\/uploads\/2022\/09\/brac-luna-fil-tab-gros-plan.png","type":"image\/png"}],"twitter_card":"summary_large_image","twitter_misc":{"Dur\u00e9e de lecture estim\u00e9e":"1 minute"},"schema":{"@context":"https:\/\/schema.org","@graph":[{"@type":"WebPage","@id":"https:\/\/nayaelbijouxcreations.com\/index.php\/produit\/bracelet-luna\/","url":"https:\/\/nayaelbijouxcreations.com\/index.php\/produit\/bracelet-luna\/","name":"Bracelet \"Luna\" | Nayael Bijoux &amp; Cr\u00e9ations","isPartOf":{"@id":"https:\/\/nayaelbijouxcreations.com\/#website"},"primaryImageOfPage":{"@id":"https:\/\/nayaelbijouxcreations.com\/index.php\/produit\/bracelet-luna\/#primaryimage"},"image":{"@id":"https:\/\/nayaelbijouxcreations.com\/index.php\/produit\/bracelet-luna\/#primaryimage"},"thumbnailUrl":"https:\/\/nayaelbijouxcreations.com\/wp-content\/uploads\/2022\/09\/brac-luna-fil-tab-gros-plan.png","datePublished":"2022-09-08T20:24:27+00:00","dateModified":"2022-10-11T17:07:04+00:00","description":"Nayael Bijoux Cr\u00e9ations vous sugg\u00e8re ce joli bracelet aux couleurs de la mer, perle d'eau douce et pierre semi-pr\u00e9cieuses monter sur cordon kaki r\u00e9glable","breadcrumb":{"@id":"https:\/\/nayaelbijouxcreations.com\/index.php\/produit\/bracelet-luna\/#breadcrumb"},"inLanguage":"fr-FR","potentialAction":[{"@type":"ReadAction","target":["https:\/\/nayaelbijouxcreations.com\/index.php\/produit\/bracelet-luna\/"]}]},{"@type":"ImageObject","inLanguage":"fr-FR","@id":"https:\/\/nayaelbijouxcreations.com\/index.php\/produit\/bracelet-luna\/#primaryimage","url":"https:\/\/nayaelbijouxcreations.com\/wp-content\/uploads\/2022\/09\/brac-luna-fil-tab-gros-plan.png","contentUrl":"https:\/\/nayaelbijouxcreations.com\/wp-content\/uploads\/2022\/09\/brac-luna-fil-tab-gros-plan.png","width":950,"height":950},{"@type":"BreadcrumbList","@id":"https:\/\/nayaelbijouxcreations.com\/index.php\/produit\/bracelet-luna\/#breadcrumb","itemListElement":[{"@type":"ListItem","position":1,"name":"Accueil","item":"https:\/\/nayaelbijouxcreations.com\/"},{"@type":"ListItem","position":2,"name":"Boutique","item":"https:\/\/nayaelbijouxcreations.com\/index.php\/boutique\/"},{"@type":"ListItem","position":3,"name":"Bracelet &#8220;Luna&#8221;"}]},{"@type":"WebSite","@id":"https:\/\/nayaelbijouxcreations.com\/#website","url":"https:\/\/nayaelbijouxcreations.com\/","name":"Nayael Bijoux &amp; Cr\u00e9ations","description":"Nayael Bijoux &amp; Cr\u00e9ations","potentialAction":[{"@type":"SearchAction","target":{"@type":"EntryPoint","urlTemplate":"https:\/\/nayaelbijouxcreations.com\/?s={search_term_string}"},"query-input":{"@type":"PropertyValueSpecification","valueRequired":true,"valueName":"search_term_string"}}],"inLanguage":"fr-FR"}]}},"_links":{"self":[{"href":"https:\/\/nayaelbijouxcreations.com\/index.php\/wp-json\/wp\/v2\/product\/353","targetHints":{"allow":["GET"]}}],"collection":[{"href":"https:\/\/nayaelbijouxcreations.com\/index.php\/wp-json\/wp\/v2\/product"}],"about":[{"href":"https:\/\/nayaelbijouxcreations.com\/index.php\/wp-json\/wp\/v2\/types\/product"}],"replies":[{"embeddable":true,"href":"https:\/\/nayaelbijouxcreations.com\/index.php\/wp-json\/wp\/v2\/comments?post=353"}],"wp:featuredmedia":[{"embeddable":true,"href":"https:\/\/nayaelbijouxcreations.com\/index.php\/wp-json\/wp\/v2\/media\/680"}],"wp:attachment":[{"href":"https:\/\/nayaelbijouxcreations.com\/index.php\/wp-json\/wp\/v2\/media?parent=353"}],"wp:term":[{"taxonomy":"product_brand","embeddable":true,"href":"https:\/\/nayaelbijouxcreations.com\/index.php\/wp-json\/wp\/v2\/product_brand?post=353"},{"taxonomy":"product_cat","embeddable":true,"href":"https:\/\/nayaelbijouxcreations.com\/index.php\/wp-json\/wp\/v2\/product_cat?post=353"},{"taxonomy":"product_tag","embeddable":true,"href":"https:\/\/nayaelbijouxcreations.com\/index.php\/wp-json\/wp\/v2\/product_tag?post=353"}],"curies":[{"name":"wp","href":"https:\/\/api.w.org\/{rel}","templated":true}]}}