{"id":358,"date":"2022-09-09T10:42:24","date_gmt":"2022-09-09T08:42:24","guid":{"rendered":"https:\/\/nayaelbijouxcreations.com\/?post_type=product&#038;p=358"},"modified":"2022-09-30T00:00:22","modified_gmt":"2022-09-29T22:00:22","slug":"collier-terra","status":"publish","type":"product","link":"https:\/\/nayaelbijouxcreations.com\/index.php\/produit\/collier-terra\/","title":{"rendered":"Collier \u00ab\u00a0Terra\u00a0\u00bb"},"content":{"rendered":"<p>J&rsquo;ai compos\u00e9 ce collier d&rsquo;agate, d&rsquo;aventurine, de jaspe, d&rsquo;h\u00e9matite, d&rsquo;une perle d&rsquo;eau douce et de cristal de Swarovski.<br \/>\nUn lien de cuir kaki et une attache r\u00e9glable vous permettent de le porter en collier ou de l&rsquo;enrouler autour de votre poignet &#8230;<br \/>\nLe m\u00e9tal est de couleur bronze, hypoallerg\u00e9nique<br \/>\nUne petite croix\u00a0 nacr\u00e9e\u00a0 camel et une petite aile d&rsquo;ange en m\u00e9tal couleur bronze\u00a0 font le lien entre ciel et terre&#8230;<br \/>\nStyle boh\u00e8me chic, ce bijou intemporel\u00a0 se porte en journ\u00e9e ou en soir\u00e9e !<\/p>\n","protected":false},"excerpt":{"rendered":"<p>Collier \u00ab\u00a0Terra\u00a0\u00bb couleurs d&rsquo;automne, pierres semi-pr\u00e9cieuses et cuir \u00e0 porter aussi en bracelet.<\/p>\n","protected":false},"featured_media":640,"comment_status":"open","ping_status":"closed","template":"","meta":{"_et_pb_use_builder":"","_et_pb_old_content":"","_et_gb_content_width":"","_monsterinsights_skip_tracking":false,"_monsterinsights_sitenote_active":false,"_monsterinsights_sitenote_note":"","_monsterinsights_sitenote_category":0},"product_brand":[],"product_cat":[37],"product_tag":[69,95,96,44,30,58,60,41,97,28],"class_list":{"0":"post-358","1":"product","2":"type-product","3":"status-publish","4":"has-post-thumbnail","6":"product_cat-collier","7":"product_tag-aventurine","8":"product_tag-collier-terra","9":"product_tag-couleurs-automnales","10":"product_tag-creation-artisanale","11":"product_tag-cuir","12":"product_tag-hematite","13":"product_tag-jaspe","14":"product_tag-perle-deau-douce","15":"product_tag-piece-unique","16":"product_tag-pierres-semi-precieuses","17":"product_shipping_class-colliers","19":"first","20":"instock","21":"sold-individually","22":"shipping-taxable","23":"purchasable","24":"product-type-simple"},"yoast_head":"<!-- This site is optimized with the Yoast SEO plugin v27.4 - https:\/\/yoast.com\/product\/yoast-seo-wordpress\/ -->\n<title>Collier &quot;Terra&quot; | Nayael Bijoux &amp; Cr\u00e9ations<\/title>\n<meta name=\"description\" content=\"Nayael Bijoux Cr\u00e9ations vous propose le collier &quot;Terra&quot; compos\u00e9 de pierres semi-pr\u00e9cieuses et cuir aux jolies couleurs automnales.\" \/>\n<meta name=\"robots\" content=\"index, follow, max-snippet:-1, max-image-preview:large, max-video-preview:-1\" \/>\n<link rel=\"canonical\" href=\"https:\/\/nayaelbijouxcreations.com\/index.php\/produit\/collier-terra\/\" \/>\n<meta property=\"og:locale\" content=\"fr_FR\" \/>\n<meta property=\"og:type\" content=\"article\" \/>\n<meta property=\"og:title\" content=\"Collier &quot;Terra&quot; | Nayael Bijoux &amp; Cr\u00e9ations\" \/>\n<meta property=\"og:description\" content=\"Nayael Bijoux Cr\u00e9ations vous propose le collier &quot;Terra&quot; compos\u00e9 de pierres semi-pr\u00e9cieuses et cuir aux jolies couleurs automnales.\" \/>\n<meta property=\"og:url\" content=\"https:\/\/nayaelbijouxcreations.com\/index.php\/produit\/collier-terra\/\" \/>\n<meta property=\"og:site_name\" content=\"Nayael Bijoux &amp; Cr\u00e9ations\" \/>\n<meta property=\"article:modified_time\" content=\"2022-09-29T22:00:22+00:00\" \/>\n<meta property=\"og:image\" content=\"https:\/\/nayaelbijouxcreations.com\/wp-content\/uploads\/2022\/09\/col-natu-port-950.png\" \/>\n\t<meta property=\"og:image:width\" content=\"950\" \/>\n\t<meta property=\"og:image:height\" content=\"950\" \/>\n\t<meta property=\"og:image:type\" content=\"image\/png\" \/>\n<meta name=\"twitter:card\" content=\"summary_large_image\" \/>\n<meta name=\"twitter:label1\" content=\"Dur\u00e9e de lecture estim\u00e9e\" \/>\n\t<meta name=\"twitter:data1\" content=\"1 minute\" \/>\n<script type=\"application\/ld+json\" class=\"yoast-schema-graph\">{\"@context\":\"https:\\\/\\\/schema.org\",\"@graph\":[{\"@type\":\"WebPage\",\"@id\":\"https:\\\/\\\/nayaelbijouxcreations.com\\\/index.php\\\/produit\\\/collier-terra\\\/\",\"url\":\"https:\\\/\\\/nayaelbijouxcreations.com\\\/index.php\\\/produit\\\/collier-terra\\\/\",\"name\":\"Collier \\\"Terra\\\" | Nayael Bijoux &amp; Cr\u00e9ations\",\"isPartOf\":{\"@id\":\"https:\\\/\\\/nayaelbijouxcreations.com\\\/#website\"},\"primaryImageOfPage\":{\"@id\":\"https:\\\/\\\/nayaelbijouxcreations.com\\\/index.php\\\/produit\\\/collier-terra\\\/#primaryimage\"},\"image\":{\"@id\":\"https:\\\/\\\/nayaelbijouxcreations.com\\\/index.php\\\/produit\\\/collier-terra\\\/#primaryimage\"},\"thumbnailUrl\":\"https:\\\/\\\/nayaelbijouxcreations.com\\\/wp-content\\\/uploads\\\/2022\\\/09\\\/col-natu-port-950.png\",\"datePublished\":\"2022-09-09T08:42:24+00:00\",\"dateModified\":\"2022-09-29T22:00:22+00:00\",\"description\":\"Nayael Bijoux Cr\u00e9ations vous propose le collier \\\"Terra\\\" compos\u00e9 de pierres semi-pr\u00e9cieuses et cuir aux jolies couleurs automnales.\",\"breadcrumb\":{\"@id\":\"https:\\\/\\\/nayaelbijouxcreations.com\\\/index.php\\\/produit\\\/collier-terra\\\/#breadcrumb\"},\"inLanguage\":\"fr-FR\",\"potentialAction\":[{\"@type\":\"ReadAction\",\"target\":[\"https:\\\/\\\/nayaelbijouxcreations.com\\\/index.php\\\/produit\\\/collier-terra\\\/\"]}]},{\"@type\":\"ImageObject\",\"inLanguage\":\"fr-FR\",\"@id\":\"https:\\\/\\\/nayaelbijouxcreations.com\\\/index.php\\\/produit\\\/collier-terra\\\/#primaryimage\",\"url\":\"https:\\\/\\\/nayaelbijouxcreations.com\\\/wp-content\\\/uploads\\\/2022\\\/09\\\/col-natu-port-950.png\",\"contentUrl\":\"https:\\\/\\\/nayaelbijouxcreations.com\\\/wp-content\\\/uploads\\\/2022\\\/09\\\/col-natu-port-950.png\",\"width\":950,\"height\":950},{\"@type\":\"BreadcrumbList\",\"@id\":\"https:\\\/\\\/nayaelbijouxcreations.com\\\/index.php\\\/produit\\\/collier-terra\\\/#breadcrumb\",\"itemListElement\":[{\"@type\":\"ListItem\",\"position\":1,\"name\":\"Accueil\",\"item\":\"https:\\\/\\\/nayaelbijouxcreations.com\\\/\"},{\"@type\":\"ListItem\",\"position\":2,\"name\":\"Boutique\",\"item\":\"https:\\\/\\\/nayaelbijouxcreations.com\\\/index.php\\\/boutique\\\/\"},{\"@type\":\"ListItem\",\"position\":3,\"name\":\"Collier &#8220;Terra&#8221;\"}]},{\"@type\":\"WebSite\",\"@id\":\"https:\\\/\\\/nayaelbijouxcreations.com\\\/#website\",\"url\":\"https:\\\/\\\/nayaelbijouxcreations.com\\\/\",\"name\":\"Nayael Bijoux &amp; Cr\u00e9ations\",\"description\":\"Nayael Bijoux &amp; Cr\u00e9ations\",\"potentialAction\":[{\"@type\":\"SearchAction\",\"target\":{\"@type\":\"EntryPoint\",\"urlTemplate\":\"https:\\\/\\\/nayaelbijouxcreations.com\\\/?s={search_term_string}\"},\"query-input\":{\"@type\":\"PropertyValueSpecification\",\"valueRequired\":true,\"valueName\":\"search_term_string\"}}],\"inLanguage\":\"fr-FR\"}]}<\/script>\n<!-- \/ Yoast SEO plugin. -->","yoast_head_json":{"title":"Collier \"Terra\" | Nayael Bijoux &amp; Cr\u00e9ations","description":"Nayael Bijoux Cr\u00e9ations vous propose le collier \"Terra\" compos\u00e9 de pierres semi-pr\u00e9cieuses et cuir aux jolies couleurs automnales.","robots":{"index":"index","follow":"follow","max-snippet":"max-snippet:-1","max-image-preview":"max-image-preview:large","max-video-preview":"max-video-preview:-1"},"canonical":"https:\/\/nayaelbijouxcreations.com\/index.php\/produit\/collier-terra\/","og_locale":"fr_FR","og_type":"article","og_title":"Collier \"Terra\" | Nayael Bijoux &amp; Cr\u00e9ations","og_description":"Nayael Bijoux Cr\u00e9ations vous propose le collier \"Terra\" compos\u00e9 de pierres semi-pr\u00e9cieuses et cuir aux jolies couleurs automnales.","og_url":"https:\/\/nayaelbijouxcreations.com\/index.php\/produit\/collier-terra\/","og_site_name":"Nayael Bijoux &amp; Cr\u00e9ations","article_modified_time":"2022-09-29T22:00:22+00:00","og_image":[{"width":950,"height":950,"url":"https:\/\/nayaelbijouxcreations.com\/wp-content\/uploads\/2022\/09\/col-natu-port-950.png","type":"image\/png"}],"twitter_card":"summary_large_image","twitter_misc":{"Dur\u00e9e de lecture estim\u00e9e":"1 minute"},"schema":{"@context":"https:\/\/schema.org","@graph":[{"@type":"WebPage","@id":"https:\/\/nayaelbijouxcreations.com\/index.php\/produit\/collier-terra\/","url":"https:\/\/nayaelbijouxcreations.com\/index.php\/produit\/collier-terra\/","name":"Collier \"Terra\" | Nayael Bijoux &amp; Cr\u00e9ations","isPartOf":{"@id":"https:\/\/nayaelbijouxcreations.com\/#website"},"primaryImageOfPage":{"@id":"https:\/\/nayaelbijouxcreations.com\/index.php\/produit\/collier-terra\/#primaryimage"},"image":{"@id":"https:\/\/nayaelbijouxcreations.com\/index.php\/produit\/collier-terra\/#primaryimage"},"thumbnailUrl":"https:\/\/nayaelbijouxcreations.com\/wp-content\/uploads\/2022\/09\/col-natu-port-950.png","datePublished":"2022-09-09T08:42:24+00:00","dateModified":"2022-09-29T22:00:22+00:00","description":"Nayael Bijoux Cr\u00e9ations vous propose le collier \"Terra\" compos\u00e9 de pierres semi-pr\u00e9cieuses et cuir aux jolies couleurs automnales.","breadcrumb":{"@id":"https:\/\/nayaelbijouxcreations.com\/index.php\/produit\/collier-terra\/#breadcrumb"},"inLanguage":"fr-FR","potentialAction":[{"@type":"ReadAction","target":["https:\/\/nayaelbijouxcreations.com\/index.php\/produit\/collier-terra\/"]}]},{"@type":"ImageObject","inLanguage":"fr-FR","@id":"https:\/\/nayaelbijouxcreations.com\/index.php\/produit\/collier-terra\/#primaryimage","url":"https:\/\/nayaelbijouxcreations.com\/wp-content\/uploads\/2022\/09\/col-natu-port-950.png","contentUrl":"https:\/\/nayaelbijouxcreations.com\/wp-content\/uploads\/2022\/09\/col-natu-port-950.png","width":950,"height":950},{"@type":"BreadcrumbList","@id":"https:\/\/nayaelbijouxcreations.com\/index.php\/produit\/collier-terra\/#breadcrumb","itemListElement":[{"@type":"ListItem","position":1,"name":"Accueil","item":"https:\/\/nayaelbijouxcreations.com\/"},{"@type":"ListItem","position":2,"name":"Boutique","item":"https:\/\/nayaelbijouxcreations.com\/index.php\/boutique\/"},{"@type":"ListItem","position":3,"name":"Collier &#8220;Terra&#8221;"}]},{"@type":"WebSite","@id":"https:\/\/nayaelbijouxcreations.com\/#website","url":"https:\/\/nayaelbijouxcreations.com\/","name":"Nayael Bijoux &amp; Cr\u00e9ations","description":"Nayael Bijoux &amp; Cr\u00e9ations","potentialAction":[{"@type":"SearchAction","target":{"@type":"EntryPoint","urlTemplate":"https:\/\/nayaelbijouxcreations.com\/?s={search_term_string}"},"query-input":{"@type":"PropertyValueSpecification","valueRequired":true,"valueName":"search_term_string"}}],"inLanguage":"fr-FR"}]}},"_links":{"self":[{"href":"https:\/\/nayaelbijouxcreations.com\/index.php\/wp-json\/wp\/v2\/product\/358","targetHints":{"allow":["GET"]}}],"collection":[{"href":"https:\/\/nayaelbijouxcreations.com\/index.php\/wp-json\/wp\/v2\/product"}],"about":[{"href":"https:\/\/nayaelbijouxcreations.com\/index.php\/wp-json\/wp\/v2\/types\/product"}],"replies":[{"embeddable":true,"href":"https:\/\/nayaelbijouxcreations.com\/index.php\/wp-json\/wp\/v2\/comments?post=358"}],"wp:featuredmedia":[{"embeddable":true,"href":"https:\/\/nayaelbijouxcreations.com\/index.php\/wp-json\/wp\/v2\/media\/640"}],"wp:attachment":[{"href":"https:\/\/nayaelbijouxcreations.com\/index.php\/wp-json\/wp\/v2\/media?parent=358"}],"wp:term":[{"taxonomy":"product_brand","embeddable":true,"href":"https:\/\/nayaelbijouxcreations.com\/index.php\/wp-json\/wp\/v2\/product_brand?post=358"},{"taxonomy":"product_cat","embeddable":true,"href":"https:\/\/nayaelbijouxcreations.com\/index.php\/wp-json\/wp\/v2\/product_cat?post=358"},{"taxonomy":"product_tag","embeddable":true,"href":"https:\/\/nayaelbijouxcreations.com\/index.php\/wp-json\/wp\/v2\/product_tag?post=358"}],"curies":[{"name":"wp","href":"https:\/\/api.w.org\/{rel}","templated":true}]}}