{"id":393,"date":"2022-09-09T20:32:44","date_gmt":"2022-09-09T18:32:44","guid":{"rendered":"https:\/\/nayaelbijouxcreations.com\/?post_type=product&#038;p=393"},"modified":"2022-09-29T23:44:44","modified_gmt":"2022-09-29T21:44:44","slug":"boucles-doreilles-felicita","status":"publish","type":"product","link":"https:\/\/nayaelbijouxcreations.com\/index.php\/produit\/boucles-doreilles-felicita\/","title":{"rendered":"Boucles d&rsquo;oreilles \u00ab\u00a0Felicit\u00e0\u00a0\u00bb"},"content":{"rendered":"<p>Boucles d&rsquo;oreilles Felicit\u00e0<br \/>\nCristal de Swarovski Tr\u00e8fle vert<br \/>\nPerle en Chrysolite cube<br \/>\nAgate verte perle<br \/>\nCha\u00eenette dor\u00e9e<br \/>\nBouton d&rsquo;oreille dor\u00e9<br \/>\nLongueur 7 cm<\/p>\n","protected":false},"excerpt":{"rendered":"<p>Boucles d&rsquo;oreilles \u00ab\u00a0Felicit\u00e0\u00a0\u00bb en cristal de Swarovski et pierres fines<\/p>\n","protected":false},"featured_media":615,"comment_status":"open","ping_status":"closed","template":"","meta":{"_et_pb_use_builder":"","_et_pb_old_content":"","_et_gb_content_width":"","_monsterinsights_skip_tracking":false,"_monsterinsights_sitenote_active":false,"_monsterinsights_sitenote_note":"","_monsterinsights_sitenote_category":0},"product_brand":[],"product_cat":[38],"product_tag":[65,125,128,44,127,126,63,28],"class_list":{"0":"post-393","1":"product","2":"type-product","3":"status-publish","4":"has-post-thumbnail","6":"product_cat-boucles-doreilles","7":"product_tag-agate-verte","8":"product_tag-boucles-doreilles-felicita","9":"product_tag-chrysolite","10":"product_tag-creation-artisanale","11":"product_tag-cristal-de-swarovski","12":"product_tag-harmonie-de-vert","13":"product_tag-metal-dore","14":"product_tag-pierres-semi-precieuses","15":"product_shipping_class-boucles-doreilles","17":"first","18":"instock","19":"sold-individually","20":"shipping-taxable","21":"purchasable","22":"product-type-simple"},"yoast_head":"<!-- This site is optimized with the Yoast SEO plugin v27.4 - https:\/\/yoast.com\/product\/yoast-seo-wordpress\/ -->\n<title>Boucles d&#039;oreilles &quot;Felicit\u00e0&quot; | Nayael Bijoux &amp; Cr\u00e9ations<\/title>\n<meta name=\"description\" content=\"Nayael Bijoux Cr\u00e9ations vous propose les boucles d&#039;oreilles &quot;Felicit\u00e0&quot; compos\u00e9es de cristal de Swarovski , Chrysolite et Agate, belle harmonie de vert\" \/>\n<meta name=\"robots\" content=\"index, follow, max-snippet:-1, max-image-preview:large, max-video-preview:-1\" \/>\n<link rel=\"canonical\" href=\"https:\/\/nayaelbijouxcreations.com\/index.php\/produit\/boucles-doreilles-felicita\/\" \/>\n<meta property=\"og:locale\" content=\"fr_FR\" \/>\n<meta property=\"og:type\" content=\"article\" \/>\n<meta property=\"og:title\" content=\"Boucles d&#039;oreilles &quot;Felicit\u00e0&quot; | Nayael Bijoux &amp; Cr\u00e9ations\" \/>\n<meta property=\"og:description\" content=\"Nayael Bijoux Cr\u00e9ations vous propose les boucles d&#039;oreilles &quot;Felicit\u00e0&quot; compos\u00e9es de cristal de Swarovski , Chrysolite et Agate, belle harmonie de vert\" \/>\n<meta property=\"og:url\" content=\"https:\/\/nayaelbijouxcreations.com\/index.php\/produit\/boucles-doreilles-felicita\/\" \/>\n<meta property=\"og:site_name\" content=\"Nayael Bijoux &amp; Cr\u00e9ations\" \/>\n<meta property=\"article:modified_time\" content=\"2022-09-29T21:44:44+00:00\" \/>\n<meta property=\"og:image\" content=\"https:\/\/nayaelbijouxcreations.com\/wp-content\/uploads\/2022\/09\/Bo-felicita-sur-carte-950.png\" \/>\n\t<meta property=\"og:image:width\" content=\"950\" \/>\n\t<meta property=\"og:image:height\" content=\"950\" \/>\n\t<meta property=\"og:image:type\" content=\"image\/png\" \/>\n<meta name=\"twitter:card\" content=\"summary_large_image\" \/>\n<meta name=\"twitter:label1\" content=\"Dur\u00e9e de lecture estim\u00e9e\" \/>\n\t<meta name=\"twitter:data1\" content=\"1 minute\" \/>\n<script type=\"application\/ld+json\" class=\"yoast-schema-graph\">{\"@context\":\"https:\\\/\\\/schema.org\",\"@graph\":[{\"@type\":\"WebPage\",\"@id\":\"https:\\\/\\\/nayaelbijouxcreations.com\\\/index.php\\\/produit\\\/boucles-doreilles-felicita\\\/\",\"url\":\"https:\\\/\\\/nayaelbijouxcreations.com\\\/index.php\\\/produit\\\/boucles-doreilles-felicita\\\/\",\"name\":\"Boucles d'oreilles \\\"Felicit\u00e0\\\" | Nayael Bijoux &amp; Cr\u00e9ations\",\"isPartOf\":{\"@id\":\"https:\\\/\\\/nayaelbijouxcreations.com\\\/#website\"},\"primaryImageOfPage\":{\"@id\":\"https:\\\/\\\/nayaelbijouxcreations.com\\\/index.php\\\/produit\\\/boucles-doreilles-felicita\\\/#primaryimage\"},\"image\":{\"@id\":\"https:\\\/\\\/nayaelbijouxcreations.com\\\/index.php\\\/produit\\\/boucles-doreilles-felicita\\\/#primaryimage\"},\"thumbnailUrl\":\"https:\\\/\\\/nayaelbijouxcreations.com\\\/wp-content\\\/uploads\\\/2022\\\/09\\\/Bo-felicita-sur-carte-950.png\",\"datePublished\":\"2022-09-09T18:32:44+00:00\",\"dateModified\":\"2022-09-29T21:44:44+00:00\",\"description\":\"Nayael Bijoux Cr\u00e9ations vous propose les boucles d'oreilles \\\"Felicit\u00e0\\\" compos\u00e9es de cristal de Swarovski , Chrysolite et Agate, belle harmonie de vert\",\"breadcrumb\":{\"@id\":\"https:\\\/\\\/nayaelbijouxcreations.com\\\/index.php\\\/produit\\\/boucles-doreilles-felicita\\\/#breadcrumb\"},\"inLanguage\":\"fr-FR\",\"potentialAction\":[{\"@type\":\"ReadAction\",\"target\":[\"https:\\\/\\\/nayaelbijouxcreations.com\\\/index.php\\\/produit\\\/boucles-doreilles-felicita\\\/\"]}]},{\"@type\":\"ImageObject\",\"inLanguage\":\"fr-FR\",\"@id\":\"https:\\\/\\\/nayaelbijouxcreations.com\\\/index.php\\\/produit\\\/boucles-doreilles-felicita\\\/#primaryimage\",\"url\":\"https:\\\/\\\/nayaelbijouxcreations.com\\\/wp-content\\\/uploads\\\/2022\\\/09\\\/Bo-felicita-sur-carte-950.png\",\"contentUrl\":\"https:\\\/\\\/nayaelbijouxcreations.com\\\/wp-content\\\/uploads\\\/2022\\\/09\\\/Bo-felicita-sur-carte-950.png\",\"width\":950,\"height\":950},{\"@type\":\"BreadcrumbList\",\"@id\":\"https:\\\/\\\/nayaelbijouxcreations.com\\\/index.php\\\/produit\\\/boucles-doreilles-felicita\\\/#breadcrumb\",\"itemListElement\":[{\"@type\":\"ListItem\",\"position\":1,\"name\":\"Accueil\",\"item\":\"https:\\\/\\\/nayaelbijouxcreations.com\\\/\"},{\"@type\":\"ListItem\",\"position\":2,\"name\":\"Boutique\",\"item\":\"https:\\\/\\\/nayaelbijouxcreations.com\\\/index.php\\\/boutique\\\/\"},{\"@type\":\"ListItem\",\"position\":3,\"name\":\"Boucles d&#8217;oreilles &#8220;Felicit\u00e0&#8221;\"}]},{\"@type\":\"WebSite\",\"@id\":\"https:\\\/\\\/nayaelbijouxcreations.com\\\/#website\",\"url\":\"https:\\\/\\\/nayaelbijouxcreations.com\\\/\",\"name\":\"Nayael Bijoux &amp; Cr\u00e9ations\",\"description\":\"Nayael Bijoux &amp; Cr\u00e9ations\",\"potentialAction\":[{\"@type\":\"SearchAction\",\"target\":{\"@type\":\"EntryPoint\",\"urlTemplate\":\"https:\\\/\\\/nayaelbijouxcreations.com\\\/?s={search_term_string}\"},\"query-input\":{\"@type\":\"PropertyValueSpecification\",\"valueRequired\":true,\"valueName\":\"search_term_string\"}}],\"inLanguage\":\"fr-FR\"}]}<\/script>\n<!-- \/ Yoast SEO plugin. -->","yoast_head_json":{"title":"Boucles d'oreilles \"Felicit\u00e0\" | Nayael Bijoux &amp; Cr\u00e9ations","description":"Nayael Bijoux Cr\u00e9ations vous propose les boucles d'oreilles \"Felicit\u00e0\" compos\u00e9es de cristal de Swarovski , Chrysolite et Agate, belle harmonie de vert","robots":{"index":"index","follow":"follow","max-snippet":"max-snippet:-1","max-image-preview":"max-image-preview:large","max-video-preview":"max-video-preview:-1"},"canonical":"https:\/\/nayaelbijouxcreations.com\/index.php\/produit\/boucles-doreilles-felicita\/","og_locale":"fr_FR","og_type":"article","og_title":"Boucles d'oreilles \"Felicit\u00e0\" | Nayael Bijoux &amp; Cr\u00e9ations","og_description":"Nayael Bijoux Cr\u00e9ations vous propose les boucles d'oreilles \"Felicit\u00e0\" compos\u00e9es de cristal de Swarovski , Chrysolite et Agate, belle harmonie de vert","og_url":"https:\/\/nayaelbijouxcreations.com\/index.php\/produit\/boucles-doreilles-felicita\/","og_site_name":"Nayael Bijoux &amp; Cr\u00e9ations","article_modified_time":"2022-09-29T21:44:44+00:00","og_image":[{"width":950,"height":950,"url":"https:\/\/nayaelbijouxcreations.com\/wp-content\/uploads\/2022\/09\/Bo-felicita-sur-carte-950.png","type":"image\/png"}],"twitter_card":"summary_large_image","twitter_misc":{"Dur\u00e9e de lecture estim\u00e9e":"1 minute"},"schema":{"@context":"https:\/\/schema.org","@graph":[{"@type":"WebPage","@id":"https:\/\/nayaelbijouxcreations.com\/index.php\/produit\/boucles-doreilles-felicita\/","url":"https:\/\/nayaelbijouxcreations.com\/index.php\/produit\/boucles-doreilles-felicita\/","name":"Boucles d'oreilles \"Felicit\u00e0\" | Nayael Bijoux &amp; Cr\u00e9ations","isPartOf":{"@id":"https:\/\/nayaelbijouxcreations.com\/#website"},"primaryImageOfPage":{"@id":"https:\/\/nayaelbijouxcreations.com\/index.php\/produit\/boucles-doreilles-felicita\/#primaryimage"},"image":{"@id":"https:\/\/nayaelbijouxcreations.com\/index.php\/produit\/boucles-doreilles-felicita\/#primaryimage"},"thumbnailUrl":"https:\/\/nayaelbijouxcreations.com\/wp-content\/uploads\/2022\/09\/Bo-felicita-sur-carte-950.png","datePublished":"2022-09-09T18:32:44+00:00","dateModified":"2022-09-29T21:44:44+00:00","description":"Nayael Bijoux Cr\u00e9ations vous propose les boucles d'oreilles \"Felicit\u00e0\" compos\u00e9es de cristal de Swarovski , Chrysolite et Agate, belle harmonie de vert","breadcrumb":{"@id":"https:\/\/nayaelbijouxcreations.com\/index.php\/produit\/boucles-doreilles-felicita\/#breadcrumb"},"inLanguage":"fr-FR","potentialAction":[{"@type":"ReadAction","target":["https:\/\/nayaelbijouxcreations.com\/index.php\/produit\/boucles-doreilles-felicita\/"]}]},{"@type":"ImageObject","inLanguage":"fr-FR","@id":"https:\/\/nayaelbijouxcreations.com\/index.php\/produit\/boucles-doreilles-felicita\/#primaryimage","url":"https:\/\/nayaelbijouxcreations.com\/wp-content\/uploads\/2022\/09\/Bo-felicita-sur-carte-950.png","contentUrl":"https:\/\/nayaelbijouxcreations.com\/wp-content\/uploads\/2022\/09\/Bo-felicita-sur-carte-950.png","width":950,"height":950},{"@type":"BreadcrumbList","@id":"https:\/\/nayaelbijouxcreations.com\/index.php\/produit\/boucles-doreilles-felicita\/#breadcrumb","itemListElement":[{"@type":"ListItem","position":1,"name":"Accueil","item":"https:\/\/nayaelbijouxcreations.com\/"},{"@type":"ListItem","position":2,"name":"Boutique","item":"https:\/\/nayaelbijouxcreations.com\/index.php\/boutique\/"},{"@type":"ListItem","position":3,"name":"Boucles d&#8217;oreilles &#8220;Felicit\u00e0&#8221;"}]},{"@type":"WebSite","@id":"https:\/\/nayaelbijouxcreations.com\/#website","url":"https:\/\/nayaelbijouxcreations.com\/","name":"Nayael Bijoux &amp; Cr\u00e9ations","description":"Nayael Bijoux &amp; Cr\u00e9ations","potentialAction":[{"@type":"SearchAction","target":{"@type":"EntryPoint","urlTemplate":"https:\/\/nayaelbijouxcreations.com\/?s={search_term_string}"},"query-input":{"@type":"PropertyValueSpecification","valueRequired":true,"valueName":"search_term_string"}}],"inLanguage":"fr-FR"}]}},"_links":{"self":[{"href":"https:\/\/nayaelbijouxcreations.com\/index.php\/wp-json\/wp\/v2\/product\/393","targetHints":{"allow":["GET"]}}],"collection":[{"href":"https:\/\/nayaelbijouxcreations.com\/index.php\/wp-json\/wp\/v2\/product"}],"about":[{"href":"https:\/\/nayaelbijouxcreations.com\/index.php\/wp-json\/wp\/v2\/types\/product"}],"replies":[{"embeddable":true,"href":"https:\/\/nayaelbijouxcreations.com\/index.php\/wp-json\/wp\/v2\/comments?post=393"}],"wp:featuredmedia":[{"embeddable":true,"href":"https:\/\/nayaelbijouxcreations.com\/index.php\/wp-json\/wp\/v2\/media\/615"}],"wp:attachment":[{"href":"https:\/\/nayaelbijouxcreations.com\/index.php\/wp-json\/wp\/v2\/media?parent=393"}],"wp:term":[{"taxonomy":"product_brand","embeddable":true,"href":"https:\/\/nayaelbijouxcreations.com\/index.php\/wp-json\/wp\/v2\/product_brand?post=393"},{"taxonomy":"product_cat","embeddable":true,"href":"https:\/\/nayaelbijouxcreations.com\/index.php\/wp-json\/wp\/v2\/product_cat?post=393"},{"taxonomy":"product_tag","embeddable":true,"href":"https:\/\/nayaelbijouxcreations.com\/index.php\/wp-json\/wp\/v2\/product_tag?post=393"}],"curies":[{"name":"wp","href":"https:\/\/api.w.org\/{rel}","templated":true}]}}