{"id":828,"date":"2022-09-30T15:51:33","date_gmt":"2022-09-30T13:51:33","guid":{"rendered":"https:\/\/nayaelbijouxcreations.com\/?post_type=product&#038;p=828"},"modified":"2022-09-30T16:36:22","modified_gmt":"2022-09-30T14:36:22","slug":"bracelet-anita","status":"publish","type":"product","link":"https:\/\/nayaelbijouxcreations.com\/index.php\/produit\/bracelet-anita\/","title":{"rendered":"Bracelet \u00ab\u00a0Anita\u00a0\u00bb"},"content":{"rendered":"<p>Bracelet en argent 925<br \/>\nLa chainette est patin\u00e9e vieillie avec un fermoir \u00e0 ressort<br \/>\nPierres semi-pr\u00e9cieuses, howlite, turquoise africaine, h\u00e9matite dor\u00e9e et jaspe<br \/>\nM\u00e9daille en argent 925<br \/>\nBracelet chic et f\u00e9minin<br \/>\n\n<table id=\"tablepress-2\" class=\"tablepress tablepress-id-2\">\n<thead>\n<tr class=\"row-1\">\n\t<th class=\"column-1\">Taille \u00e0 prendre<\/th><th class=\"column-2\">Tour de poignet en cm<\/th>\n<\/tr>\n<\/thead>\n<tbody class=\"row-striping row-hover\">\n<tr class=\"row-2\">\n\t<td class=\"column-1\">S<\/td><td class=\"column-2\">14\/15 cm<\/td>\n<\/tr>\n<tr class=\"row-3\">\n\t<td class=\"column-1\">M<\/td><td class=\"column-2\">16\/17 cm<\/td>\n<\/tr>\n<tr class=\"row-4\">\n\t<td class=\"column-1\">L<\/td><td class=\"column-2\">18\/19 cm<\/td>\n<\/tr>\n<tr class=\"row-5\">\n\t<td class=\"column-1\">XL<\/td><td class=\"column-2\">19\/21 cm<\/td>\n<\/tr>\n<\/tbody>\n<\/table>\n<!-- #tablepress-2 from cache --><\/p>\n","protected":false},"excerpt":{"rendered":"<p>Bracelet \u00ab\u00a0Anita\u00a0\u00bb en argent 925 patin\u00e9 vieilli et pierres semi-pr\u00e9cieuses aux couleurs de la Corse<\/p>\n","protected":false},"featured_media":666,"comment_status":"open","ping_status":"closed","template":"","meta":{"_et_pb_use_builder":"","_et_pb_old_content":"","_et_gb_content_width":"","_monsterinsights_skip_tracking":false,"_monsterinsights_sitenote_active":false,"_monsterinsights_sitenote_note":"","_monsterinsights_sitenote_category":0},"product_brand":[],"product_cat":[36],"product_tag":[108,191,44,51,68,60,192,28,52,56],"class_list":{"0":"post-828","1":"product","2":"type-product","3":"status-publish","4":"has-post-thumbnail","6":"product_cat-bracelet","7":"product_tag-argent-925-vieilli","8":"product_tag-bracelet-anita","9":"product_tag-creation-artisanale","10":"product_tag-hematites","11":"product_tag-howlite","12":"product_tag-jaspe","13":"product_tag-medaille-argent-925","14":"product_tag-pierres-semi-precieuses","15":"product_tag-raffine-et-chic","16":"product_tag-turquoise-africaine","17":"product_shipping_class-bracelets","19":"first","20":"instock","21":"sold-individually","22":"shipping-taxable","23":"purchasable","24":"product-type-variable"},"yoast_head":"<!-- This site is optimized with the Yoast SEO plugin v27.4 - https:\/\/yoast.com\/product\/yoast-seo-wordpress\/ -->\n<title>Bracelet &quot;Anita&quot; | Nayael Bijoux &amp; Cr\u00e9ations<\/title>\n<meta name=\"description\" content=\"Nayael Bijoux Cr\u00e9ations vous propose le bracelet &quot;Anita&quot; en argent 925 patine vieillie et pierres semi-pr\u00e9cieuses, chic et f\u00e9minin aux couleurs de la Corse\" \/>\n<meta name=\"robots\" content=\"index, follow, max-snippet:-1, max-image-preview:large, max-video-preview:-1\" \/>\n<link rel=\"canonical\" href=\"https:\/\/nayaelbijouxcreations.com\/index.php\/produit\/bracelet-anita\/\" \/>\n<meta property=\"og:locale\" content=\"fr_FR\" \/>\n<meta property=\"og:type\" content=\"article\" \/>\n<meta property=\"og:title\" content=\"Bracelet &quot;Anita&quot; | Nayael Bijoux &amp; Cr\u00e9ations\" \/>\n<meta property=\"og:description\" content=\"Nayael Bijoux Cr\u00e9ations vous propose le bracelet &quot;Anita&quot; en argent 925 patine vieillie et pierres semi-pr\u00e9cieuses, chic et f\u00e9minin aux couleurs de la Corse\" \/>\n<meta property=\"og:url\" content=\"https:\/\/nayaelbijouxcreations.com\/index.php\/produit\/bracelet-anita\/\" \/>\n<meta property=\"og:site_name\" content=\"Nayael Bijoux &amp; Cr\u00e9ations\" \/>\n<meta property=\"article:modified_time\" content=\"2022-09-30T14:36:22+00:00\" \/>\n<meta property=\"og:image\" content=\"https:\/\/nayaelbijouxcreations.com\/wp-content\/uploads\/2022\/09\/brac-chain-turq-bois950.png\" \/>\n\t<meta property=\"og:image:width\" content=\"950\" \/>\n\t<meta property=\"og:image:height\" content=\"950\" \/>\n\t<meta property=\"og:image:type\" content=\"image\/png\" \/>\n<meta name=\"twitter:card\" content=\"summary_large_image\" \/>\n<meta name=\"twitter:label1\" content=\"Dur\u00e9e de lecture estim\u00e9e\" \/>\n\t<meta name=\"twitter:data1\" content=\"1 minute\" \/>\n<script type=\"application\/ld+json\" class=\"yoast-schema-graph\">{\"@context\":\"https:\\\/\\\/schema.org\",\"@graph\":[{\"@type\":\"WebPage\",\"@id\":\"https:\\\/\\\/nayaelbijouxcreations.com\\\/index.php\\\/produit\\\/bracelet-anita\\\/\",\"url\":\"https:\\\/\\\/nayaelbijouxcreations.com\\\/index.php\\\/produit\\\/bracelet-anita\\\/\",\"name\":\"Bracelet \\\"Anita\\\" | Nayael Bijoux &amp; Cr\u00e9ations\",\"isPartOf\":{\"@id\":\"https:\\\/\\\/nayaelbijouxcreations.com\\\/#website\"},\"primaryImageOfPage\":{\"@id\":\"https:\\\/\\\/nayaelbijouxcreations.com\\\/index.php\\\/produit\\\/bracelet-anita\\\/#primaryimage\"},\"image\":{\"@id\":\"https:\\\/\\\/nayaelbijouxcreations.com\\\/index.php\\\/produit\\\/bracelet-anita\\\/#primaryimage\"},\"thumbnailUrl\":\"https:\\\/\\\/nayaelbijouxcreations.com\\\/wp-content\\\/uploads\\\/2022\\\/09\\\/brac-chain-turq-bois950.png\",\"datePublished\":\"2022-09-30T13:51:33+00:00\",\"dateModified\":\"2022-09-30T14:36:22+00:00\",\"description\":\"Nayael Bijoux Cr\u00e9ations vous propose le bracelet \\\"Anita\\\" en argent 925 patine vieillie et pierres semi-pr\u00e9cieuses, chic et f\u00e9minin aux couleurs de la Corse\",\"breadcrumb\":{\"@id\":\"https:\\\/\\\/nayaelbijouxcreations.com\\\/index.php\\\/produit\\\/bracelet-anita\\\/#breadcrumb\"},\"inLanguage\":\"fr-FR\",\"potentialAction\":[{\"@type\":\"ReadAction\",\"target\":[\"https:\\\/\\\/nayaelbijouxcreations.com\\\/index.php\\\/produit\\\/bracelet-anita\\\/\"]}]},{\"@type\":\"ImageObject\",\"inLanguage\":\"fr-FR\",\"@id\":\"https:\\\/\\\/nayaelbijouxcreations.com\\\/index.php\\\/produit\\\/bracelet-anita\\\/#primaryimage\",\"url\":\"https:\\\/\\\/nayaelbijouxcreations.com\\\/wp-content\\\/uploads\\\/2022\\\/09\\\/brac-chain-turq-bois950.png\",\"contentUrl\":\"https:\\\/\\\/nayaelbijouxcreations.com\\\/wp-content\\\/uploads\\\/2022\\\/09\\\/brac-chain-turq-bois950.png\",\"width\":950,\"height\":950},{\"@type\":\"BreadcrumbList\",\"@id\":\"https:\\\/\\\/nayaelbijouxcreations.com\\\/index.php\\\/produit\\\/bracelet-anita\\\/#breadcrumb\",\"itemListElement\":[{\"@type\":\"ListItem\",\"position\":1,\"name\":\"Accueil\",\"item\":\"https:\\\/\\\/nayaelbijouxcreations.com\\\/\"},{\"@type\":\"ListItem\",\"position\":2,\"name\":\"Boutique\",\"item\":\"https:\\\/\\\/nayaelbijouxcreations.com\\\/index.php\\\/boutique\\\/\"},{\"@type\":\"ListItem\",\"position\":3,\"name\":\"Bracelet &#8220;Anita&#8221;\"}]},{\"@type\":\"WebSite\",\"@id\":\"https:\\\/\\\/nayaelbijouxcreations.com\\\/#website\",\"url\":\"https:\\\/\\\/nayaelbijouxcreations.com\\\/\",\"name\":\"Nayael Bijoux &amp; Cr\u00e9ations\",\"description\":\"Nayael Bijoux &amp; Cr\u00e9ations\",\"potentialAction\":[{\"@type\":\"SearchAction\",\"target\":{\"@type\":\"EntryPoint\",\"urlTemplate\":\"https:\\\/\\\/nayaelbijouxcreations.com\\\/?s={search_term_string}\"},\"query-input\":{\"@type\":\"PropertyValueSpecification\",\"valueRequired\":true,\"valueName\":\"search_term_string\"}}],\"inLanguage\":\"fr-FR\"}]}<\/script>\n<!-- \/ Yoast SEO plugin. -->","yoast_head_json":{"title":"Bracelet \"Anita\" | Nayael Bijoux &amp; Cr\u00e9ations","description":"Nayael Bijoux Cr\u00e9ations vous propose le bracelet \"Anita\" en argent 925 patine vieillie et pierres semi-pr\u00e9cieuses, chic et f\u00e9minin aux couleurs de la Corse","robots":{"index":"index","follow":"follow","max-snippet":"max-snippet:-1","max-image-preview":"max-image-preview:large","max-video-preview":"max-video-preview:-1"},"canonical":"https:\/\/nayaelbijouxcreations.com\/index.php\/produit\/bracelet-anita\/","og_locale":"fr_FR","og_type":"article","og_title":"Bracelet \"Anita\" | Nayael Bijoux &amp; Cr\u00e9ations","og_description":"Nayael Bijoux Cr\u00e9ations vous propose le bracelet \"Anita\" en argent 925 patine vieillie et pierres semi-pr\u00e9cieuses, chic et f\u00e9minin aux couleurs de la Corse","og_url":"https:\/\/nayaelbijouxcreations.com\/index.php\/produit\/bracelet-anita\/","og_site_name":"Nayael Bijoux &amp; Cr\u00e9ations","article_modified_time":"2022-09-30T14:36:22+00:00","og_image":[{"width":950,"height":950,"url":"https:\/\/nayaelbijouxcreations.com\/wp-content\/uploads\/2022\/09\/brac-chain-turq-bois950.png","type":"image\/png"}],"twitter_card":"summary_large_image","twitter_misc":{"Dur\u00e9e de lecture estim\u00e9e":"1 minute"},"schema":{"@context":"https:\/\/schema.org","@graph":[{"@type":"WebPage","@id":"https:\/\/nayaelbijouxcreations.com\/index.php\/produit\/bracelet-anita\/","url":"https:\/\/nayaelbijouxcreations.com\/index.php\/produit\/bracelet-anita\/","name":"Bracelet \"Anita\" | Nayael Bijoux &amp; Cr\u00e9ations","isPartOf":{"@id":"https:\/\/nayaelbijouxcreations.com\/#website"},"primaryImageOfPage":{"@id":"https:\/\/nayaelbijouxcreations.com\/index.php\/produit\/bracelet-anita\/#primaryimage"},"image":{"@id":"https:\/\/nayaelbijouxcreations.com\/index.php\/produit\/bracelet-anita\/#primaryimage"},"thumbnailUrl":"https:\/\/nayaelbijouxcreations.com\/wp-content\/uploads\/2022\/09\/brac-chain-turq-bois950.png","datePublished":"2022-09-30T13:51:33+00:00","dateModified":"2022-09-30T14:36:22+00:00","description":"Nayael Bijoux Cr\u00e9ations vous propose le bracelet \"Anita\" en argent 925 patine vieillie et pierres semi-pr\u00e9cieuses, chic et f\u00e9minin aux couleurs de la Corse","breadcrumb":{"@id":"https:\/\/nayaelbijouxcreations.com\/index.php\/produit\/bracelet-anita\/#breadcrumb"},"inLanguage":"fr-FR","potentialAction":[{"@type":"ReadAction","target":["https:\/\/nayaelbijouxcreations.com\/index.php\/produit\/bracelet-anita\/"]}]},{"@type":"ImageObject","inLanguage":"fr-FR","@id":"https:\/\/nayaelbijouxcreations.com\/index.php\/produit\/bracelet-anita\/#primaryimage","url":"https:\/\/nayaelbijouxcreations.com\/wp-content\/uploads\/2022\/09\/brac-chain-turq-bois950.png","contentUrl":"https:\/\/nayaelbijouxcreations.com\/wp-content\/uploads\/2022\/09\/brac-chain-turq-bois950.png","width":950,"height":950},{"@type":"BreadcrumbList","@id":"https:\/\/nayaelbijouxcreations.com\/index.php\/produit\/bracelet-anita\/#breadcrumb","itemListElement":[{"@type":"ListItem","position":1,"name":"Accueil","item":"https:\/\/nayaelbijouxcreations.com\/"},{"@type":"ListItem","position":2,"name":"Boutique","item":"https:\/\/nayaelbijouxcreations.com\/index.php\/boutique\/"},{"@type":"ListItem","position":3,"name":"Bracelet &#8220;Anita&#8221;"}]},{"@type":"WebSite","@id":"https:\/\/nayaelbijouxcreations.com\/#website","url":"https:\/\/nayaelbijouxcreations.com\/","name":"Nayael Bijoux &amp; Cr\u00e9ations","description":"Nayael Bijoux &amp; Cr\u00e9ations","potentialAction":[{"@type":"SearchAction","target":{"@type":"EntryPoint","urlTemplate":"https:\/\/nayaelbijouxcreations.com\/?s={search_term_string}"},"query-input":{"@type":"PropertyValueSpecification","valueRequired":true,"valueName":"search_term_string"}}],"inLanguage":"fr-FR"}]}},"_links":{"self":[{"href":"https:\/\/nayaelbijouxcreations.com\/index.php\/wp-json\/wp\/v2\/product\/828","targetHints":{"allow":["GET"]}}],"collection":[{"href":"https:\/\/nayaelbijouxcreations.com\/index.php\/wp-json\/wp\/v2\/product"}],"about":[{"href":"https:\/\/nayaelbijouxcreations.com\/index.php\/wp-json\/wp\/v2\/types\/product"}],"replies":[{"embeddable":true,"href":"https:\/\/nayaelbijouxcreations.com\/index.php\/wp-json\/wp\/v2\/comments?post=828"}],"wp:featuredmedia":[{"embeddable":true,"href":"https:\/\/nayaelbijouxcreations.com\/index.php\/wp-json\/wp\/v2\/media\/666"}],"wp:attachment":[{"href":"https:\/\/nayaelbijouxcreations.com\/index.php\/wp-json\/wp\/v2\/media?parent=828"}],"wp:term":[{"taxonomy":"product_brand","embeddable":true,"href":"https:\/\/nayaelbijouxcreations.com\/index.php\/wp-json\/wp\/v2\/product_brand?post=828"},{"taxonomy":"product_cat","embeddable":true,"href":"https:\/\/nayaelbijouxcreations.com\/index.php\/wp-json\/wp\/v2\/product_cat?post=828"},{"taxonomy":"product_tag","embeddable":true,"href":"https:\/\/nayaelbijouxcreations.com\/index.php\/wp-json\/wp\/v2\/product_tag?post=828"}],"curies":[{"name":"wp","href":"https:\/\/api.w.org\/{rel}","templated":true}]}}