{"id":857,"date":"2022-10-11T09:37:16","date_gmt":"2022-10-11T07:37:16","guid":{"rendered":"https:\/\/nayaelbijouxcreations.com\/?post_type=product&#038;p=857"},"modified":"2025-09-06T21:38:36","modified_gmt":"2025-09-06T19:38:36","slug":"collier-leria","status":"publish","type":"product","link":"https:\/\/nayaelbijouxcreations.com\/index.php\/produit\/collier-leria\/","title":{"rendered":"Collier \u00ab\u00a0L\u00e9ria\u00a0\u00bb"},"content":{"rendered":"<p>Collier \u00ab\u00a0L\u00e9ria\u00a0\u00bb est un collier que vous pourrez aussi bien porter en sautoir, doubl\u00e9 ou tr\u00e8s facilement en bracelet \u00e0 enrouler autour du poignet.<br \/>\nIl est compos\u00e9 de pierres semi-pr\u00e9cieuses aux jolies tonalit\u00e9s automnales, agates, pyrites, jade, nacre, agate tib\u00e9taine, howlite,\u00a0 perles de boh\u00e8me, Miyuki&#8230;<br \/>\nUn lien de cuir marron clair et un fermoir en aimant, vous permettront tr\u00e8s facilement d&rsquo;ajuster la taille de ce collier et de le transformer en bracelet.<br \/>\nR\u00e9alis\u00e9 \u00e0 la main et pi\u00e8ce unique !<\/p>\n","protected":false},"excerpt":{"rendered":"<p>Collier \u00ab\u00a0L\u00e9ria\u00a0\u00bb en pierres semi-pr\u00e9cieuses couleurs automnales et tranformable en bracelet.<\/p>\n","protected":false},"featured_media":844,"comment_status":"open","ping_status":"closed","template":"","meta":{"_et_pb_use_builder":"","_et_pb_old_content":"","_et_gb_content_width":"","_monsterinsights_skip_tracking":false,"_monsterinsights_sitenote_active":false,"_monsterinsights_sitenote_note":"","_monsterinsights_sitenote_category":0},"product_brand":[],"product_cat":[37,212],"product_tag":[77,200,197,96,30,136,201,48,198,199,97,28,202],"class_list":{"0":"post-857","1":"product","2":"type-product","3":"status-publish","4":"has-post-thumbnail","6":"product_cat-collier","7":"product_cat-meilleures-ventes","8":"product_tag-agate","9":"product_tag-brun","10":"product_tag-collier-leria","11":"product_tag-couleurs-automnales","12":"product_tag-cuir","13":"product_tag-fait-main","14":"product_tag-fermoir-aimante","15":"product_tag-kaki","16":"product_tag-marron","17":"product_tag-moutarde","18":"product_tag-piece-unique","19":"product_tag-pierres-semi-precieuses","20":"product_tag-transformable","22":"first","23":"outofstock","24":"sold-individually","25":"shipping-taxable","26":"purchasable","27":"product-type-simple"},"yoast_head":"<!-- This site is optimized with the Yoast SEO plugin v27.3 - https:\/\/yoast.com\/product\/yoast-seo-wordpress\/ -->\n<title>Collier &quot;L\u00e9ria&quot; \/ Nayael Bijoux &amp; Cr\u00e9ations<\/title>\n<meta name=\"description\" content=\"Nayael Bijoux Cr\u00e9ations vous propose le collier &quot;L\u00e9ria&quot; en pierres semi-pr\u00e9cieuses aux belles couleurs automnales et transformable en bracelet !\" \/>\n<meta name=\"robots\" content=\"index, follow, max-snippet:-1, max-image-preview:large, max-video-preview:-1\" \/>\n<link rel=\"canonical\" href=\"https:\/\/nayaelbijouxcreations.com\/index.php\/produit\/collier-leria\/\" \/>\n<meta property=\"og:locale\" content=\"fr_FR\" \/>\n<meta property=\"og:type\" content=\"article\" \/>\n<meta property=\"og:title\" content=\"Collier &quot;L\u00e9ria&quot; \/ Nayael Bijoux &amp; Cr\u00e9ations\" \/>\n<meta property=\"og:description\" content=\"Nayael Bijoux Cr\u00e9ations vous propose le collier &quot;L\u00e9ria&quot; en pierres semi-pr\u00e9cieuses aux belles couleurs automnales et transformable en bracelet !\" \/>\n<meta property=\"og:url\" content=\"https:\/\/nayaelbijouxcreations.com\/index.php\/produit\/collier-leria\/\" \/>\n<meta property=\"og:site_name\" content=\"Nayael Bijoux &amp; Cr\u00e9ations\" \/>\n<meta property=\"article:modified_time\" content=\"2025-09-06T19:38:36+00:00\" \/>\n<meta property=\"og:image\" content=\"https:\/\/nayaelbijouxcreations.com\/wp-content\/uploads\/2022\/10\/saut-kaki-port-2.png\" \/>\n\t<meta property=\"og:image:width\" content=\"950\" \/>\n\t<meta property=\"og:image:height\" content=\"950\" \/>\n\t<meta property=\"og:image:type\" content=\"image\/png\" \/>\n<meta name=\"twitter:card\" content=\"summary_large_image\" \/>\n<meta name=\"twitter:label1\" content=\"Dur\u00e9e de lecture estim\u00e9e\" \/>\n\t<meta name=\"twitter:data1\" content=\"1 minute\" \/>\n<script type=\"application\/ld+json\" class=\"yoast-schema-graph\">{\"@context\":\"https:\\\/\\\/schema.org\",\"@graph\":[{\"@type\":\"WebPage\",\"@id\":\"https:\\\/\\\/nayaelbijouxcreations.com\\\/index.php\\\/produit\\\/collier-leria\\\/\",\"url\":\"https:\\\/\\\/nayaelbijouxcreations.com\\\/index.php\\\/produit\\\/collier-leria\\\/\",\"name\":\"Collier \\\"L\u00e9ria\\\" \\\/ Nayael Bijoux &amp; Cr\u00e9ations\",\"isPartOf\":{\"@id\":\"https:\\\/\\\/nayaelbijouxcreations.com\\\/#website\"},\"primaryImageOfPage\":{\"@id\":\"https:\\\/\\\/nayaelbijouxcreations.com\\\/index.php\\\/produit\\\/collier-leria\\\/#primaryimage\"},\"image\":{\"@id\":\"https:\\\/\\\/nayaelbijouxcreations.com\\\/index.php\\\/produit\\\/collier-leria\\\/#primaryimage\"},\"thumbnailUrl\":\"https:\\\/\\\/nayaelbijouxcreations.com\\\/wp-content\\\/uploads\\\/2022\\\/10\\\/saut-kaki-port-2.png\",\"datePublished\":\"2022-10-11T07:37:16+00:00\",\"dateModified\":\"2025-09-06T19:38:36+00:00\",\"description\":\"Nayael Bijoux Cr\u00e9ations vous propose le collier \\\"L\u00e9ria\\\" en pierres semi-pr\u00e9cieuses aux belles couleurs automnales et transformable en bracelet !\",\"breadcrumb\":{\"@id\":\"https:\\\/\\\/nayaelbijouxcreations.com\\\/index.php\\\/produit\\\/collier-leria\\\/#breadcrumb\"},\"inLanguage\":\"fr-FR\",\"potentialAction\":[{\"@type\":\"ReadAction\",\"target\":[\"https:\\\/\\\/nayaelbijouxcreations.com\\\/index.php\\\/produit\\\/collier-leria\\\/\"]}]},{\"@type\":\"ImageObject\",\"inLanguage\":\"fr-FR\",\"@id\":\"https:\\\/\\\/nayaelbijouxcreations.com\\\/index.php\\\/produit\\\/collier-leria\\\/#primaryimage\",\"url\":\"https:\\\/\\\/nayaelbijouxcreations.com\\\/wp-content\\\/uploads\\\/2022\\\/10\\\/saut-kaki-port-2.png\",\"contentUrl\":\"https:\\\/\\\/nayaelbijouxcreations.com\\\/wp-content\\\/uploads\\\/2022\\\/10\\\/saut-kaki-port-2.png\",\"width\":950,\"height\":950},{\"@type\":\"BreadcrumbList\",\"@id\":\"https:\\\/\\\/nayaelbijouxcreations.com\\\/index.php\\\/produit\\\/collier-leria\\\/#breadcrumb\",\"itemListElement\":[{\"@type\":\"ListItem\",\"position\":1,\"name\":\"Accueil\",\"item\":\"https:\\\/\\\/nayaelbijouxcreations.com\\\/\"},{\"@type\":\"ListItem\",\"position\":2,\"name\":\"Boutique\",\"item\":\"https:\\\/\\\/nayaelbijouxcreations.com\\\/index.php\\\/boutique\\\/\"},{\"@type\":\"ListItem\",\"position\":3,\"name\":\"Collier \u00ab\u00a0L\u00e9ria\u00a0\u00bb\"}]},{\"@type\":\"WebSite\",\"@id\":\"https:\\\/\\\/nayaelbijouxcreations.com\\\/#website\",\"url\":\"https:\\\/\\\/nayaelbijouxcreations.com\\\/\",\"name\":\"Nayael Bijoux &amp; Cr\u00e9ations\",\"description\":\"Nayael Bijoux &amp; Cr\u00e9ations\",\"potentialAction\":[{\"@type\":\"SearchAction\",\"target\":{\"@type\":\"EntryPoint\",\"urlTemplate\":\"https:\\\/\\\/nayaelbijouxcreations.com\\\/?s={search_term_string}\"},\"query-input\":{\"@type\":\"PropertyValueSpecification\",\"valueRequired\":true,\"valueName\":\"search_term_string\"}}],\"inLanguage\":\"fr-FR\"}]}<\/script>\n<!-- \/ Yoast SEO plugin. -->","yoast_head_json":{"title":"Collier \"L\u00e9ria\" \/ Nayael Bijoux &amp; Cr\u00e9ations","description":"Nayael Bijoux Cr\u00e9ations vous propose le collier \"L\u00e9ria\" en pierres semi-pr\u00e9cieuses aux belles couleurs automnales et transformable en bracelet !","robots":{"index":"index","follow":"follow","max-snippet":"max-snippet:-1","max-image-preview":"max-image-preview:large","max-video-preview":"max-video-preview:-1"},"canonical":"https:\/\/nayaelbijouxcreations.com\/index.php\/produit\/collier-leria\/","og_locale":"fr_FR","og_type":"article","og_title":"Collier \"L\u00e9ria\" \/ Nayael Bijoux &amp; Cr\u00e9ations","og_description":"Nayael Bijoux Cr\u00e9ations vous propose le collier \"L\u00e9ria\" en pierres semi-pr\u00e9cieuses aux belles couleurs automnales et transformable en bracelet !","og_url":"https:\/\/nayaelbijouxcreations.com\/index.php\/produit\/collier-leria\/","og_site_name":"Nayael Bijoux &amp; Cr\u00e9ations","article_modified_time":"2025-09-06T19:38:36+00:00","og_image":[{"width":950,"height":950,"url":"https:\/\/nayaelbijouxcreations.com\/wp-content\/uploads\/2022\/10\/saut-kaki-port-2.png","type":"image\/png"}],"twitter_card":"summary_large_image","twitter_misc":{"Dur\u00e9e de lecture estim\u00e9e":"1 minute"},"schema":{"@context":"https:\/\/schema.org","@graph":[{"@type":"WebPage","@id":"https:\/\/nayaelbijouxcreations.com\/index.php\/produit\/collier-leria\/","url":"https:\/\/nayaelbijouxcreations.com\/index.php\/produit\/collier-leria\/","name":"Collier \"L\u00e9ria\" \/ Nayael Bijoux &amp; Cr\u00e9ations","isPartOf":{"@id":"https:\/\/nayaelbijouxcreations.com\/#website"},"primaryImageOfPage":{"@id":"https:\/\/nayaelbijouxcreations.com\/index.php\/produit\/collier-leria\/#primaryimage"},"image":{"@id":"https:\/\/nayaelbijouxcreations.com\/index.php\/produit\/collier-leria\/#primaryimage"},"thumbnailUrl":"https:\/\/nayaelbijouxcreations.com\/wp-content\/uploads\/2022\/10\/saut-kaki-port-2.png","datePublished":"2022-10-11T07:37:16+00:00","dateModified":"2025-09-06T19:38:36+00:00","description":"Nayael Bijoux Cr\u00e9ations vous propose le collier \"L\u00e9ria\" en pierres semi-pr\u00e9cieuses aux belles couleurs automnales et transformable en bracelet !","breadcrumb":{"@id":"https:\/\/nayaelbijouxcreations.com\/index.php\/produit\/collier-leria\/#breadcrumb"},"inLanguage":"fr-FR","potentialAction":[{"@type":"ReadAction","target":["https:\/\/nayaelbijouxcreations.com\/index.php\/produit\/collier-leria\/"]}]},{"@type":"ImageObject","inLanguage":"fr-FR","@id":"https:\/\/nayaelbijouxcreations.com\/index.php\/produit\/collier-leria\/#primaryimage","url":"https:\/\/nayaelbijouxcreations.com\/wp-content\/uploads\/2022\/10\/saut-kaki-port-2.png","contentUrl":"https:\/\/nayaelbijouxcreations.com\/wp-content\/uploads\/2022\/10\/saut-kaki-port-2.png","width":950,"height":950},{"@type":"BreadcrumbList","@id":"https:\/\/nayaelbijouxcreations.com\/index.php\/produit\/collier-leria\/#breadcrumb","itemListElement":[{"@type":"ListItem","position":1,"name":"Accueil","item":"https:\/\/nayaelbijouxcreations.com\/"},{"@type":"ListItem","position":2,"name":"Boutique","item":"https:\/\/nayaelbijouxcreations.com\/index.php\/boutique\/"},{"@type":"ListItem","position":3,"name":"Collier \u00ab\u00a0L\u00e9ria\u00a0\u00bb"}]},{"@type":"WebSite","@id":"https:\/\/nayaelbijouxcreations.com\/#website","url":"https:\/\/nayaelbijouxcreations.com\/","name":"Nayael Bijoux &amp; Cr\u00e9ations","description":"Nayael Bijoux &amp; Cr\u00e9ations","potentialAction":[{"@type":"SearchAction","target":{"@type":"EntryPoint","urlTemplate":"https:\/\/nayaelbijouxcreations.com\/?s={search_term_string}"},"query-input":{"@type":"PropertyValueSpecification","valueRequired":true,"valueName":"search_term_string"}}],"inLanguage":"fr-FR"}]}},"_links":{"self":[{"href":"https:\/\/nayaelbijouxcreations.com\/index.php\/wp-json\/wp\/v2\/product\/857","targetHints":{"allow":["GET"]}}],"collection":[{"href":"https:\/\/nayaelbijouxcreations.com\/index.php\/wp-json\/wp\/v2\/product"}],"about":[{"href":"https:\/\/nayaelbijouxcreations.com\/index.php\/wp-json\/wp\/v2\/types\/product"}],"replies":[{"embeddable":true,"href":"https:\/\/nayaelbijouxcreations.com\/index.php\/wp-json\/wp\/v2\/comments?post=857"}],"wp:featuredmedia":[{"embeddable":true,"href":"https:\/\/nayaelbijouxcreations.com\/index.php\/wp-json\/wp\/v2\/media\/844"}],"wp:attachment":[{"href":"https:\/\/nayaelbijouxcreations.com\/index.php\/wp-json\/wp\/v2\/media?parent=857"}],"wp:term":[{"taxonomy":"product_brand","embeddable":true,"href":"https:\/\/nayaelbijouxcreations.com\/index.php\/wp-json\/wp\/v2\/product_brand?post=857"},{"taxonomy":"product_cat","embeddable":true,"href":"https:\/\/nayaelbijouxcreations.com\/index.php\/wp-json\/wp\/v2\/product_cat?post=857"},{"taxonomy":"product_tag","embeddable":true,"href":"https:\/\/nayaelbijouxcreations.com\/index.php\/wp-json\/wp\/v2\/product_tag?post=857"}],"curies":[{"name":"wp","href":"https:\/\/api.w.org\/{rel}","templated":true}]}}