{"id":933,"date":"2023-06-08T12:23:32","date_gmt":"2023-06-08T10:23:32","guid":{"rendered":"https:\/\/nayaelbijouxcreations.com\/?post_type=product&#038;p=933"},"modified":"2026-02-16T22:18:10","modified_gmt":"2026-02-16T21:18:10","slug":"collier-spirit-blanc-boutique-nayael-bijoux-creations","status":"publish","type":"product","link":"https:\/\/nayaelbijouxcreations.com\/index.php\/produit\/collier-spirit-blanc-boutique-nayael-bijoux-creations\/","title":{"rendered":"Collier Spirit blanc"},"content":{"rendered":"<p>Joli ras de cou aux tonalit\u00e9s de blanc, \u00e9cru et beige pour un look \u00e9l\u00e9gant, plut\u00f4t boh\u00e8me chic tr\u00e8s estival &#8230;<br \/>\nVous pourrais le porter aussi bien de jour comme en soir\u00e9e, il illuminera vos tenues.<br \/>\nCe collier est compos\u00e9 de pierres semi-pr\u00e9cieuses telles que l&rsquo;h\u00e9matite, l&rsquo;agate blanche, la howlite, du quartz, mais aussi de la nacre, du bois de rose, une jolie perle d&rsquo;eau douce, du cristal de Swarovski et des perles de coco pour un cot\u00e9 vacances.<br \/>\nSon cot\u00e9 mystique est ici repr\u00e9sent\u00e9 par une m\u00e9daille ovale de J\u00e9sus dor\u00e9 \u00e0 l&rsquo;or fin, ainsi que d&rsquo;une petite croix pleine de charme en howlite blanche.<br \/>\nCe collier est mont\u00e9 sur un cordon de lin et r\u00e9glable par une perle de serrage, tr\u00e8s pratique pour ajuster la longueur selon votre humeur et votre tenue.<br \/>\nVous pouvez, bien \u00e9videment le porter avec d&rsquo;autre collier pour un look plus personnalis\u00e9.<br \/>\nBien entendu, afin de prendre soin de votre bijou, il est vivement conseill\u00e9 de ne pas mettre de parfum, ni d&rsquo;eau douce ou de mer, et de le conserver dans le petit pochon dans lequel il vous sera livr\u00e9.<\/p>\n","protected":false},"excerpt":{"rendered":"<p>Collier ras de cou spirit blanc pierres gemmes nacre et m\u00e9dailles<\/p>\n","protected":false},"featured_media":946,"comment_status":"open","ping_status":"closed","template":"","meta":{"_et_pb_use_builder":"","_et_pb_old_content":"","_et_gb_content_width":"","_monsterinsights_skip_tracking":false,"_monsterinsights_sitenote_active":false,"_monsterinsights_sitenote_note":"","_monsterinsights_sitenote_category":0},"product_brand":[],"product_cat":[37,212],"product_tag":[224,225,222,227,127,83,41,228,28,226,31,223],"class_list":{"0":"post-933","1":"product","2":"type-product","3":"status-publish","4":"has-post-thumbnail","6":"product_cat-collier","7":"product_cat-meilleures-ventes","8":"product_tag-bois-coco","9":"product_tag-bois-de-rose","10":"product_tag-collier-spirit","11":"product_tag-cordon","12":"product_tag-cristal-de-swarovski","13":"product_tag-nacre","14":"product_tag-perle-deau-douce","15":"product_tag-perle-de-serrage","16":"product_tag-pierres-semi-precieuses","17":"product_tag-ras-de-cou","18":"product_tag-reglable","19":"product_tag-tonalites-blanc-ecru","21":"first","22":"instock","23":"shipping-taxable","24":"purchasable","25":"product-type-simple"},"yoast_head":"<!-- This site is optimized with the Yoast SEO plugin v27.4 - https:\/\/yoast.com\/product\/yoast-seo-wordpress\/ -->\n<title>Collier Spirit blanc - Nayael Bijoux &amp; Cr\u00e9ations<\/title>\n<meta name=\"description\" content=\"Nayael Bijoux Cr\u00e9ations a r\u00e9alis\u00e9 pour vous cet \u00e9l\u00e9gant et lumineux collier ras de cou compos\u00e9 de pierres semi pr\u00e9cieuses, nacre, bois et m\u00e9dailles.\" \/>\n<meta name=\"robots\" content=\"index, follow, max-snippet:-1, max-image-preview:large, max-video-preview:-1\" \/>\n<link rel=\"canonical\" href=\"https:\/\/nayaelbijouxcreations.com\/index.php\/produit\/collier-spirit-blanc-boutique-nayael-bijoux-creations\/\" \/>\n<meta property=\"og:locale\" content=\"fr_FR\" \/>\n<meta property=\"og:type\" content=\"article\" \/>\n<meta property=\"og:title\" content=\"Collier Spirit blanc - Nayael Bijoux &amp; Cr\u00e9ations\" \/>\n<meta property=\"og:description\" content=\"Nayael Bijoux Cr\u00e9ations a r\u00e9alis\u00e9 pour vous cet \u00e9l\u00e9gant et lumineux collier ras de cou compos\u00e9 de pierres semi pr\u00e9cieuses, nacre, bois et m\u00e9dailles.\" \/>\n<meta property=\"og:url\" content=\"https:\/\/nayaelbijouxcreations.com\/index.php\/produit\/collier-spirit-blanc-boutique-nayael-bijoux-creations\/\" \/>\n<meta property=\"og:site_name\" content=\"Nayael Bijoux &amp; Cr\u00e9ations\" \/>\n<meta property=\"article:modified_time\" content=\"2026-02-16T21:18:10+00:00\" \/>\n<meta property=\"og:image\" content=\"https:\/\/nayaelbijouxcreations.com\/wp-content\/uploads\/2023\/06\/collier-rasdecou-spirit-blanc-nayael.jpg\" \/>\n\t<meta property=\"og:image:width\" content=\"1080\" \/>\n\t<meta property=\"og:image:height\" content=\"1080\" \/>\n\t<meta property=\"og:image:type\" content=\"image\/jpeg\" \/>\n<meta name=\"twitter:card\" content=\"summary_large_image\" \/>\n<meta name=\"twitter:label1\" content=\"Dur\u00e9e de lecture estim\u00e9e\" \/>\n\t<meta name=\"twitter:data1\" content=\"1 minute\" \/>\n<script type=\"application\/ld+json\" class=\"yoast-schema-graph\">{\"@context\":\"https:\\\/\\\/schema.org\",\"@graph\":[{\"@type\":\"WebPage\",\"@id\":\"https:\\\/\\\/nayaelbijouxcreations.com\\\/index.php\\\/produit\\\/collier-spirit-blanc-boutique-nayael-bijoux-creations\\\/\",\"url\":\"https:\\\/\\\/nayaelbijouxcreations.com\\\/index.php\\\/produit\\\/collier-spirit-blanc-boutique-nayael-bijoux-creations\\\/\",\"name\":\"Collier Spirit blanc - Nayael Bijoux &amp; Cr\u00e9ations\",\"isPartOf\":{\"@id\":\"https:\\\/\\\/nayaelbijouxcreations.com\\\/#website\"},\"primaryImageOfPage\":{\"@id\":\"https:\\\/\\\/nayaelbijouxcreations.com\\\/index.php\\\/produit\\\/collier-spirit-blanc-boutique-nayael-bijoux-creations\\\/#primaryimage\"},\"image\":{\"@id\":\"https:\\\/\\\/nayaelbijouxcreations.com\\\/index.php\\\/produit\\\/collier-spirit-blanc-boutique-nayael-bijoux-creations\\\/#primaryimage\"},\"thumbnailUrl\":\"https:\\\/\\\/nayaelbijouxcreations.com\\\/wp-content\\\/uploads\\\/2023\\\/06\\\/collier-rasdecou-spirit-blanc-nayael.jpg\",\"datePublished\":\"2023-06-08T10:23:32+00:00\",\"dateModified\":\"2026-02-16T21:18:10+00:00\",\"description\":\"Nayael Bijoux Cr\u00e9ations a r\u00e9alis\u00e9 pour vous cet \u00e9l\u00e9gant et lumineux collier ras de cou compos\u00e9 de pierres semi pr\u00e9cieuses, nacre, bois et m\u00e9dailles.\",\"breadcrumb\":{\"@id\":\"https:\\\/\\\/nayaelbijouxcreations.com\\\/index.php\\\/produit\\\/collier-spirit-blanc-boutique-nayael-bijoux-creations\\\/#breadcrumb\"},\"inLanguage\":\"fr-FR\",\"potentialAction\":[{\"@type\":\"ReadAction\",\"target\":[\"https:\\\/\\\/nayaelbijouxcreations.com\\\/index.php\\\/produit\\\/collier-spirit-blanc-boutique-nayael-bijoux-creations\\\/\"]}]},{\"@type\":\"ImageObject\",\"inLanguage\":\"fr-FR\",\"@id\":\"https:\\\/\\\/nayaelbijouxcreations.com\\\/index.php\\\/produit\\\/collier-spirit-blanc-boutique-nayael-bijoux-creations\\\/#primaryimage\",\"url\":\"https:\\\/\\\/nayaelbijouxcreations.com\\\/wp-content\\\/uploads\\\/2023\\\/06\\\/collier-rasdecou-spirit-blanc-nayael.jpg\",\"contentUrl\":\"https:\\\/\\\/nayaelbijouxcreations.com\\\/wp-content\\\/uploads\\\/2023\\\/06\\\/collier-rasdecou-spirit-blanc-nayael.jpg\",\"width\":1080,\"height\":1080},{\"@type\":\"BreadcrumbList\",\"@id\":\"https:\\\/\\\/nayaelbijouxcreations.com\\\/index.php\\\/produit\\\/collier-spirit-blanc-boutique-nayael-bijoux-creations\\\/#breadcrumb\",\"itemListElement\":[{\"@type\":\"ListItem\",\"position\":1,\"name\":\"Accueil\",\"item\":\"https:\\\/\\\/nayaelbijouxcreations.com\\\/\"},{\"@type\":\"ListItem\",\"position\":2,\"name\":\"Boutique\",\"item\":\"https:\\\/\\\/nayaelbijouxcreations.com\\\/index.php\\\/boutique\\\/\"},{\"@type\":\"ListItem\",\"position\":3,\"name\":\"Collier Spirit blanc\"}]},{\"@type\":\"WebSite\",\"@id\":\"https:\\\/\\\/nayaelbijouxcreations.com\\\/#website\",\"url\":\"https:\\\/\\\/nayaelbijouxcreations.com\\\/\",\"name\":\"Nayael Bijoux &amp; Cr\u00e9ations\",\"description\":\"Nayael Bijoux &amp; Cr\u00e9ations\",\"potentialAction\":[{\"@type\":\"SearchAction\",\"target\":{\"@type\":\"EntryPoint\",\"urlTemplate\":\"https:\\\/\\\/nayaelbijouxcreations.com\\\/?s={search_term_string}\"},\"query-input\":{\"@type\":\"PropertyValueSpecification\",\"valueRequired\":true,\"valueName\":\"search_term_string\"}}],\"inLanguage\":\"fr-FR\"}]}<\/script>\n<!-- \/ Yoast SEO plugin. -->","yoast_head_json":{"title":"Collier Spirit blanc - Nayael Bijoux &amp; Cr\u00e9ations","description":"Nayael Bijoux Cr\u00e9ations a r\u00e9alis\u00e9 pour vous cet \u00e9l\u00e9gant et lumineux collier ras de cou compos\u00e9 de pierres semi pr\u00e9cieuses, nacre, bois et m\u00e9dailles.","robots":{"index":"index","follow":"follow","max-snippet":"max-snippet:-1","max-image-preview":"max-image-preview:large","max-video-preview":"max-video-preview:-1"},"canonical":"https:\/\/nayaelbijouxcreations.com\/index.php\/produit\/collier-spirit-blanc-boutique-nayael-bijoux-creations\/","og_locale":"fr_FR","og_type":"article","og_title":"Collier Spirit blanc - Nayael Bijoux &amp; Cr\u00e9ations","og_description":"Nayael Bijoux Cr\u00e9ations a r\u00e9alis\u00e9 pour vous cet \u00e9l\u00e9gant et lumineux collier ras de cou compos\u00e9 de pierres semi pr\u00e9cieuses, nacre, bois et m\u00e9dailles.","og_url":"https:\/\/nayaelbijouxcreations.com\/index.php\/produit\/collier-spirit-blanc-boutique-nayael-bijoux-creations\/","og_site_name":"Nayael Bijoux &amp; Cr\u00e9ations","article_modified_time":"2026-02-16T21:18:10+00:00","og_image":[{"width":1080,"height":1080,"url":"https:\/\/nayaelbijouxcreations.com\/wp-content\/uploads\/2023\/06\/collier-rasdecou-spirit-blanc-nayael.jpg","type":"image\/jpeg"}],"twitter_card":"summary_large_image","twitter_misc":{"Dur\u00e9e de lecture estim\u00e9e":"1 minute"},"schema":{"@context":"https:\/\/schema.org","@graph":[{"@type":"WebPage","@id":"https:\/\/nayaelbijouxcreations.com\/index.php\/produit\/collier-spirit-blanc-boutique-nayael-bijoux-creations\/","url":"https:\/\/nayaelbijouxcreations.com\/index.php\/produit\/collier-spirit-blanc-boutique-nayael-bijoux-creations\/","name":"Collier Spirit blanc - Nayael Bijoux &amp; Cr\u00e9ations","isPartOf":{"@id":"https:\/\/nayaelbijouxcreations.com\/#website"},"primaryImageOfPage":{"@id":"https:\/\/nayaelbijouxcreations.com\/index.php\/produit\/collier-spirit-blanc-boutique-nayael-bijoux-creations\/#primaryimage"},"image":{"@id":"https:\/\/nayaelbijouxcreations.com\/index.php\/produit\/collier-spirit-blanc-boutique-nayael-bijoux-creations\/#primaryimage"},"thumbnailUrl":"https:\/\/nayaelbijouxcreations.com\/wp-content\/uploads\/2023\/06\/collier-rasdecou-spirit-blanc-nayael.jpg","datePublished":"2023-06-08T10:23:32+00:00","dateModified":"2026-02-16T21:18:10+00:00","description":"Nayael Bijoux Cr\u00e9ations a r\u00e9alis\u00e9 pour vous cet \u00e9l\u00e9gant et lumineux collier ras de cou compos\u00e9 de pierres semi pr\u00e9cieuses, nacre, bois et m\u00e9dailles.","breadcrumb":{"@id":"https:\/\/nayaelbijouxcreations.com\/index.php\/produit\/collier-spirit-blanc-boutique-nayael-bijoux-creations\/#breadcrumb"},"inLanguage":"fr-FR","potentialAction":[{"@type":"ReadAction","target":["https:\/\/nayaelbijouxcreations.com\/index.php\/produit\/collier-spirit-blanc-boutique-nayael-bijoux-creations\/"]}]},{"@type":"ImageObject","inLanguage":"fr-FR","@id":"https:\/\/nayaelbijouxcreations.com\/index.php\/produit\/collier-spirit-blanc-boutique-nayael-bijoux-creations\/#primaryimage","url":"https:\/\/nayaelbijouxcreations.com\/wp-content\/uploads\/2023\/06\/collier-rasdecou-spirit-blanc-nayael.jpg","contentUrl":"https:\/\/nayaelbijouxcreations.com\/wp-content\/uploads\/2023\/06\/collier-rasdecou-spirit-blanc-nayael.jpg","width":1080,"height":1080},{"@type":"BreadcrumbList","@id":"https:\/\/nayaelbijouxcreations.com\/index.php\/produit\/collier-spirit-blanc-boutique-nayael-bijoux-creations\/#breadcrumb","itemListElement":[{"@type":"ListItem","position":1,"name":"Accueil","item":"https:\/\/nayaelbijouxcreations.com\/"},{"@type":"ListItem","position":2,"name":"Boutique","item":"https:\/\/nayaelbijouxcreations.com\/index.php\/boutique\/"},{"@type":"ListItem","position":3,"name":"Collier Spirit blanc"}]},{"@type":"WebSite","@id":"https:\/\/nayaelbijouxcreations.com\/#website","url":"https:\/\/nayaelbijouxcreations.com\/","name":"Nayael Bijoux &amp; Cr\u00e9ations","description":"Nayael Bijoux &amp; Cr\u00e9ations","potentialAction":[{"@type":"SearchAction","target":{"@type":"EntryPoint","urlTemplate":"https:\/\/nayaelbijouxcreations.com\/?s={search_term_string}"},"query-input":{"@type":"PropertyValueSpecification","valueRequired":true,"valueName":"search_term_string"}}],"inLanguage":"fr-FR"}]}},"_links":{"self":[{"href":"https:\/\/nayaelbijouxcreations.com\/index.php\/wp-json\/wp\/v2\/product\/933","targetHints":{"allow":["GET"]}}],"collection":[{"href":"https:\/\/nayaelbijouxcreations.com\/index.php\/wp-json\/wp\/v2\/product"}],"about":[{"href":"https:\/\/nayaelbijouxcreations.com\/index.php\/wp-json\/wp\/v2\/types\/product"}],"replies":[{"embeddable":true,"href":"https:\/\/nayaelbijouxcreations.com\/index.php\/wp-json\/wp\/v2\/comments?post=933"}],"wp:featuredmedia":[{"embeddable":true,"href":"https:\/\/nayaelbijouxcreations.com\/index.php\/wp-json\/wp\/v2\/media\/946"}],"wp:attachment":[{"href":"https:\/\/nayaelbijouxcreations.com\/index.php\/wp-json\/wp\/v2\/media?parent=933"}],"wp:term":[{"taxonomy":"product_brand","embeddable":true,"href":"https:\/\/nayaelbijouxcreations.com\/index.php\/wp-json\/wp\/v2\/product_brand?post=933"},{"taxonomy":"product_cat","embeddable":true,"href":"https:\/\/nayaelbijouxcreations.com\/index.php\/wp-json\/wp\/v2\/product_cat?post=933"},{"taxonomy":"product_tag","embeddable":true,"href":"https:\/\/nayaelbijouxcreations.com\/index.php\/wp-json\/wp\/v2\/product_tag?post=933"}],"curies":[{"name":"wp","href":"https:\/\/api.w.org\/{rel}","templated":true}]}}